{"id":4145,"date":"2021-04-22T21:07:30","date_gmt":"2021-04-22T19:07:30","guid":{"rendered":"https:\/\/shopium.eu\/ro\/?post_type=product&#038;p=4145"},"modified":"2021-04-23T09:22:56","modified_gmt":"2021-04-23T07:22:56","slug":"mini-ferastrau-cu-lant-minichain","status":"publish","type":"product","link":"https:\/\/non-stopshop.eu\/ro\/produs\/mini-ferastrau-cu-lant-minichain\/","title":{"rendered":"Mini fer\u0103str\u0103u cu lan\u021b &#8211; MiniChain"},"content":{"rendered":"","protected":false},"excerpt":{"rendered":"<p>Fer\u0103str\u0103ul cu lan\u021b portabil super mini are lumini LED pentru o vizibilitate mai bun\u0103, un obturator de siguran\u021b\u0103 \u0219i o baterie mare, astfel \u00eenc\u00e2t s\u0103 nu ave\u021bi nevoie de cabluri.<\/p>\n","protected":false},"featured_media":4146,"comment_status":"closed","ping_status":"closed","template":"","meta":{"inline_featured_image":false},"product_brand":[],"product_cat":[15],"product_tag":[],"class_list":{"0":"post-4145","1":"product","2":"type-product","3":"status-publish","4":"has-post-thumbnail","6":"product_cat-uncategorized","8":"first","9":"instock","10":"sale","11":"taxable","12":"shipping-taxable","13":"purchasable","14":"product-type-simple"},"acf":[],"_links":{"self":[{"href":"https:\/\/non-stopshop.eu\/ro\/wp-json\/wp\/v2\/product\/4145","targetHints":{"allow":["GET"]}}],"collection":[{"href":"https:\/\/non-stopshop.eu\/ro\/wp-json\/wp\/v2\/product"}],"about":[{"href":"https:\/\/non-stopshop.eu\/ro\/wp-json\/wp\/v2\/types\/product"}],"replies":[{"embeddable":true,"href":"https:\/\/non-stopshop.eu\/ro\/wp-json\/wp\/v2\/comments?post=4145"}],"wp:featuredmedia":[{"embeddable":true,"href":"https:\/\/non-stopshop.eu\/ro\/wp-json\/wp\/v2\/media\/4146"}],"wp:attachment":[{"href":"https:\/\/non-stopshop.eu\/ro\/wp-json\/wp\/v2\/media?parent=4145"}],"wp:term":[{"taxonomy":"product_brand","embeddable":true,"href":"https:\/\/non-stopshop.eu\/ro\/wp-json\/wp\/v2\/product_brand?post=4145"},{"taxonomy":"product_cat","embeddable":true,"href":"https:\/\/non-stopshop.eu\/ro\/wp-json\/wp\/v2\/product_cat?post=4145"},{"taxonomy":"product_tag","embeddable":true,"href":"https:\/\/non-stopshop.eu\/ro\/wp-json\/wp\/v2\/product_tag?post=4145"}],"curies":[{"name":"wp","href":"https:\/\/api.w.org\/{rel}","templated":true}]}}