{"id":4162,"date":"2021-04-26T13:55:49","date_gmt":"2021-04-26T11:55:49","guid":{"rendered":"https:\/\/shopium.eu\/ro\/?post_type=product&#038;p=4162"},"modified":"2021-04-26T14:00:51","modified_gmt":"2021-04-26T12:00:51","slug":"extensie-moale-pentru-vase-de-toaleta-domeseat","status":"publish","type":"product","link":"https:\/\/non-stopshop.eu\/ro\/produs\/extensie-moale-pentru-vase-de-toaleta-domeseat\/","title":{"rendered":"Extensie moale pentru vase de toalet\u0103  &#8211; Domeseat"},"content":{"rendered":"","protected":false},"excerpt":{"rendered":"<p>O extensie practic\u0103 pentru vasele de toalet\u0103 care ofer\u0103 c\u0103ldur\u0103 \u0219i confort, fiind \u00een acela\u0219i timp foarte u\u0219or de \u00eendep\u0103rtat \u0219i \u00eentre\u021binut.<\/p>\n","protected":false},"featured_media":4168,"comment_status":"closed","ping_status":"closed","template":"","meta":{"inline_featured_image":false},"product_brand":[],"product_cat":[15],"product_tag":[],"class_list":{"0":"post-4162","1":"product","2":"type-product","3":"status-publish","4":"has-post-thumbnail","6":"product_cat-uncategorized","8":"first","9":"instock","10":"sale","11":"taxable","12":"shipping-taxable","13":"purchasable","14":"product-type-simple"},"acf":[],"_links":{"self":[{"href":"https:\/\/non-stopshop.eu\/ro\/wp-json\/wp\/v2\/product\/4162","targetHints":{"allow":["GET"]}}],"collection":[{"href":"https:\/\/non-stopshop.eu\/ro\/wp-json\/wp\/v2\/product"}],"about":[{"href":"https:\/\/non-stopshop.eu\/ro\/wp-json\/wp\/v2\/types\/product"}],"replies":[{"embeddable":true,"href":"https:\/\/non-stopshop.eu\/ro\/wp-json\/wp\/v2\/comments?post=4162"}],"wp:featuredmedia":[{"embeddable":true,"href":"https:\/\/non-stopshop.eu\/ro\/wp-json\/wp\/v2\/media\/4168"}],"wp:attachment":[{"href":"https:\/\/non-stopshop.eu\/ro\/wp-json\/wp\/v2\/media?parent=4162"}],"wp:term":[{"taxonomy":"product_brand","embeddable":true,"href":"https:\/\/non-stopshop.eu\/ro\/wp-json\/wp\/v2\/product_brand?post=4162"},{"taxonomy":"product_cat","embeddable":true,"href":"https:\/\/non-stopshop.eu\/ro\/wp-json\/wp\/v2\/product_cat?post=4162"},{"taxonomy":"product_tag","embeddable":true,"href":"https:\/\/non-stopshop.eu\/ro\/wp-json\/wp\/v2\/product_tag?post=4162"}],"curies":[{"name":"wp","href":"https:\/\/api.w.org\/{rel}","templated":true}]}}