{"id":4171,"date":"2021-04-26T14:14:28","date_gmt":"2021-04-26T12:14:28","guid":{"rendered":"https:\/\/shopium.eu\/ro\/?post_type=product&#038;p=4171"},"modified":"2021-04-26T14:18:24","modified_gmt":"2021-04-26T12:18:24","slug":"perie-universal-pentru-toaleta-cleanite","status":"publish","type":"product","link":"https:\/\/non-stopshop.eu\/ro\/produs\/perie-universal-pentru-toaleta-cleanite\/","title":{"rendered":"Perie universal pentru toalet\u0103 \u2013 Cleanite"},"content":{"rendered":"","protected":false},"excerpt":{"rendered":"<p><span style=\"font-weight: 400;\">\u00cenlocui\u0163i periile vechi, uzate \u015fi neatractive pentru toalete cu aceast\u0103 perie Cleanite inovatoare \u015fi super practic\u0103, cu accesorii schimb\u0103toare care vor ajunge \u00een locul \u00een care alte perii nu pot ajunge.\u00a0<\/span><\/p>\n","protected":false},"featured_media":4174,"comment_status":"closed","ping_status":"closed","template":"","meta":{"inline_featured_image":false},"product_brand":[],"product_cat":[15],"product_tag":[],"class_list":{"0":"post-4171","1":"product","2":"type-product","3":"status-publish","4":"has-post-thumbnail","6":"product_cat-uncategorized","8":"first","9":"instock","10":"sale","11":"taxable","12":"shipping-taxable","13":"purchasable","14":"product-type-simple"},"acf":[],"_links":{"self":[{"href":"https:\/\/non-stopshop.eu\/ro\/wp-json\/wp\/v2\/product\/4171","targetHints":{"allow":["GET"]}}],"collection":[{"href":"https:\/\/non-stopshop.eu\/ro\/wp-json\/wp\/v2\/product"}],"about":[{"href":"https:\/\/non-stopshop.eu\/ro\/wp-json\/wp\/v2\/types\/product"}],"replies":[{"embeddable":true,"href":"https:\/\/non-stopshop.eu\/ro\/wp-json\/wp\/v2\/comments?post=4171"}],"wp:featuredmedia":[{"embeddable":true,"href":"https:\/\/non-stopshop.eu\/ro\/wp-json\/wp\/v2\/media\/4174"}],"wp:attachment":[{"href":"https:\/\/non-stopshop.eu\/ro\/wp-json\/wp\/v2\/media?parent=4171"}],"wp:term":[{"taxonomy":"product_brand","embeddable":true,"href":"https:\/\/non-stopshop.eu\/ro\/wp-json\/wp\/v2\/product_brand?post=4171"},{"taxonomy":"product_cat","embeddable":true,"href":"https:\/\/non-stopshop.eu\/ro\/wp-json\/wp\/v2\/product_cat?post=4171"},{"taxonomy":"product_tag","embeddable":true,"href":"https:\/\/non-stopshop.eu\/ro\/wp-json\/wp\/v2\/product_tag?post=4171"}],"curies":[{"name":"wp","href":"https:\/\/api.w.org\/{rel}","templated":true}]}}