{"id":4186,"date":"2021-04-26T14:24:31","date_gmt":"2021-04-26T12:24:31","guid":{"rendered":"https:\/\/shopium.eu\/ro\/?post_type=product&#038;p=4186"},"modified":"2021-04-26T14:28:55","modified_gmt":"2021-04-26T12:28:55","slug":"lumina-inteligenta-led-pentru-toaleta-lightiny","status":"publish","type":"product","link":"https:\/\/non-stopshop.eu\/ro\/produs\/lumina-inteligenta-led-pentru-toaleta-lightiny\/","title":{"rendered":"Lumin\u0103 inteligent\u0103 LED pentru toalet\u0103 \u2013 Lightiny"},"content":{"rendered":"","protected":false},"excerpt":{"rendered":"<p><span style=\"font-weight: 400;\">Lightiny lumin\u0103 inteligent\u0103 LED pentru toaleta dumneavoastr\u0103, cu un senzor de mi\u0219care, va face fiecare dus la baie \u00een timpul nop\u021bii mai pl\u0103cut\u0103 \u0219i mai u\u0219oar\u0103 f\u0103r\u0103 utilizarea unor becuri puternice care pot fi inconfortabile \u00een timpul nop\u021bii.<\/span><\/p>\n","protected":false},"featured_media":4188,"comment_status":"closed","ping_status":"closed","template":"","meta":{"inline_featured_image":false},"product_brand":[],"product_cat":[15],"product_tag":[],"class_list":{"0":"post-4186","1":"product","2":"type-product","3":"status-publish","4":"has-post-thumbnail","6":"product_cat-uncategorized","8":"first","9":"instock","10":"sale","11":"taxable","12":"shipping-taxable","13":"purchasable","14":"product-type-simple"},"acf":[],"_links":{"self":[{"href":"https:\/\/non-stopshop.eu\/ro\/wp-json\/wp\/v2\/product\/4186","targetHints":{"allow":["GET"]}}],"collection":[{"href":"https:\/\/non-stopshop.eu\/ro\/wp-json\/wp\/v2\/product"}],"about":[{"href":"https:\/\/non-stopshop.eu\/ro\/wp-json\/wp\/v2\/types\/product"}],"replies":[{"embeddable":true,"href":"https:\/\/non-stopshop.eu\/ro\/wp-json\/wp\/v2\/comments?post=4186"}],"wp:featuredmedia":[{"embeddable":true,"href":"https:\/\/non-stopshop.eu\/ro\/wp-json\/wp\/v2\/media\/4188"}],"wp:attachment":[{"href":"https:\/\/non-stopshop.eu\/ro\/wp-json\/wp\/v2\/media?parent=4186"}],"wp:term":[{"taxonomy":"product_brand","embeddable":true,"href":"https:\/\/non-stopshop.eu\/ro\/wp-json\/wp\/v2\/product_brand?post=4186"},{"taxonomy":"product_cat","embeddable":true,"href":"https:\/\/non-stopshop.eu\/ro\/wp-json\/wp\/v2\/product_cat?post=4186"},{"taxonomy":"product_tag","embeddable":true,"href":"https:\/\/non-stopshop.eu\/ro\/wp-json\/wp\/v2\/product_tag?post=4186"}],"curies":[{"name":"wp","href":"https:\/\/api.w.org\/{rel}","templated":true}]}}