{"id":4364,"date":"2021-10-15T12:33:17","date_gmt":"2021-10-15T10:33:17","guid":{"rendered":"https:\/\/cartium.eu\/ro\/?post_type=product&#038;p=4364"},"modified":"2022-05-08T16:15:38","modified_gmt":"2022-05-08T14:15:38","slug":"avion-catapulta-glideplane","status":"publish","type":"product","link":"https:\/\/non-stopshop.eu\/ro\/produs\/avion-catapulta-glideplane\/","title":{"rendered":"Avion catapult\u0103  &#8211; GlidePlane"},"content":{"rendered":"","protected":false},"excerpt":{"rendered":"<p>O juc\u0103rie super interesant\u0103 \u0219i sigur\u0103 pentru toate v\u00e2rstele copiilor, va completa distrac\u021bia \u0219i va scoate la lumina spiritul competitiv al copiilor vo\u0219tri \u00een aruncarea avioanelor spongioase din acest pistol de catapult\u0103. Glidery este cea mai bun\u0103 form\u0103 de divertisment.<\/p>\n","protected":false},"featured_media":4346,"comment_status":"closed","ping_status":"closed","template":"","meta":{"inline_featured_image":false},"product_brand":[],"product_cat":[15,35],"product_tag":[],"class_list":{"0":"post-4364","1":"product","2":"type-product","3":"status-publish","4":"has-post-thumbnail","6":"product_cat-uncategorized","7":"product_cat-fun","9":"first","10":"instock","11":"sale","12":"taxable","13":"shipping-taxable","14":"purchasable","15":"product-type-simple"},"acf":[],"_links":{"self":[{"href":"https:\/\/non-stopshop.eu\/ro\/wp-json\/wp\/v2\/product\/4364","targetHints":{"allow":["GET"]}}],"collection":[{"href":"https:\/\/non-stopshop.eu\/ro\/wp-json\/wp\/v2\/product"}],"about":[{"href":"https:\/\/non-stopshop.eu\/ro\/wp-json\/wp\/v2\/types\/product"}],"replies":[{"embeddable":true,"href":"https:\/\/non-stopshop.eu\/ro\/wp-json\/wp\/v2\/comments?post=4364"}],"wp:featuredmedia":[{"embeddable":true,"href":"https:\/\/non-stopshop.eu\/ro\/wp-json\/wp\/v2\/media\/4346"}],"wp:attachment":[{"href":"https:\/\/non-stopshop.eu\/ro\/wp-json\/wp\/v2\/media?parent=4364"}],"wp:term":[{"taxonomy":"product_brand","embeddable":true,"href":"https:\/\/non-stopshop.eu\/ro\/wp-json\/wp\/v2\/product_brand?post=4364"},{"taxonomy":"product_cat","embeddable":true,"href":"https:\/\/non-stopshop.eu\/ro\/wp-json\/wp\/v2\/product_cat?post=4364"},{"taxonomy":"product_tag","embeddable":true,"href":"https:\/\/non-stopshop.eu\/ro\/wp-json\/wp\/v2\/product_tag?post=4364"}],"curies":[{"name":"wp","href":"https:\/\/api.w.org\/{rel}","templated":true}]}}