{"id":4366,"date":"2019-10-15T15:45:02","date_gmt":"2019-10-15T13:45:02","guid":{"rendered":"https:\/\/cartium.eu\/ro\/?post_type=product&#038;p=4366"},"modified":"2023-01-04T10:34:05","modified_gmt":"2023-01-04T09:34:05","slug":"11-gratis-masca-de-par-cu-cheratina-hairsilky","status":"publish","type":"product","link":"https:\/\/non-stopshop.eu\/ro\/produs\/11-gratis-masca-de-par-cu-cheratina-hairsilky\/","title":{"rendered":"1+1 GRATIS Masc\u0103 de p\u0103r cu cheratin\u0103  &#8211; HairSilky"},"content":{"rendered":"<p>Regenera\u021bi-v\u0103 p\u0103rul cu o masc\u0103 de cheratin\u0103 natural\u0103 \u0219i de \u00eenalt\u0103 calitate \u00een doar c\u00e2teva zile cu acest produs revolu\u021bionar \u0219i deveni\u021bi unul dintre numero\u0219ii clien\u021bi mul\u021bumi\u021bi!<\/p>\n","protected":false},"excerpt":{"rendered":"<p>Regenera\u021bi-v\u0103 p\u0103rul cu o masc\u0103 de cheratin\u0103 natural\u0103 \u0219i de \u00eenalt\u0103 calitate \u00een doar c\u00e2teva zile cu acest produs revolu\u021bionar \u0219i deveni\u021bi unul dintre numero\u0219ii clien\u021bi mul\u021bumi\u021bi!<\/p>\n","protected":false},"featured_media":842,"comment_status":"closed","ping_status":"closed","template":"","meta":{"inline_featured_image":false},"product_brand":[],"product_cat":[15,28],"product_tag":[],"class_list":{"0":"post-4366","1":"product","2":"type-product","3":"status-publish","4":"has-post-thumbnail","6":"product_cat-uncategorized","7":"product_cat-beauty","9":"first","10":"instock","11":"sale","12":"taxable","13":"shipping-taxable","14":"purchasable","15":"product-type-simple"},"acf":[],"_links":{"self":[{"href":"https:\/\/non-stopshop.eu\/ro\/wp-json\/wp\/v2\/product\/4366","targetHints":{"allow":["GET"]}}],"collection":[{"href":"https:\/\/non-stopshop.eu\/ro\/wp-json\/wp\/v2\/product"}],"about":[{"href":"https:\/\/non-stopshop.eu\/ro\/wp-json\/wp\/v2\/types\/product"}],"replies":[{"embeddable":true,"href":"https:\/\/non-stopshop.eu\/ro\/wp-json\/wp\/v2\/comments?post=4366"}],"wp:featuredmedia":[{"embeddable":true,"href":"https:\/\/non-stopshop.eu\/ro\/wp-json\/wp\/v2\/media\/842"}],"wp:attachment":[{"href":"https:\/\/non-stopshop.eu\/ro\/wp-json\/wp\/v2\/media?parent=4366"}],"wp:term":[{"taxonomy":"product_brand","embeddable":true,"href":"https:\/\/non-stopshop.eu\/ro\/wp-json\/wp\/v2\/product_brand?post=4366"},{"taxonomy":"product_cat","embeddable":true,"href":"https:\/\/non-stopshop.eu\/ro\/wp-json\/wp\/v2\/product_cat?post=4366"},{"taxonomy":"product_tag","embeddable":true,"href":"https:\/\/non-stopshop.eu\/ro\/wp-json\/wp\/v2\/product_tag?post=4366"}],"curies":[{"name":"wp","href":"https:\/\/api.w.org\/{rel}","templated":true}]}}