{"id":4367,"date":"2019-10-15T15:46:29","date_gmt":"2019-10-15T13:46:29","guid":{"rendered":"https:\/\/cartium.eu\/ro\/?post_type=product&#038;p=4367"},"modified":"2021-10-20T09:15:41","modified_gmt":"2021-10-20T07:15:41","slug":"11-gratis-taietor-de-colt-pe-lemn-miter","status":"publish","type":"product","link":"https:\/\/non-stopshop.eu\/ro\/produs\/11-gratis-taietor-de-colt-pe-lemn-miter\/","title":{"rendered":"1+1 GRATIS T\u0103ietor de col\u0163 pe lemn &#8211; Miter"},"content":{"rendered":"","protected":false},"excerpt":{"rendered":"<p>Un succes absolut \u00een prelucrarea lemnului \u015fi realizarea \u00eembin\u0103rilor puternice la un unghi de 90 de grade, cu aceast t\u0103ietor de col\u0163 universal, v\u0103 va permite s\u0103 lucra\u0163i mai u\u015for \u015fi mai repede \u00een cas\u0103 sau \u00een atelier.<\/p>\n","protected":false},"featured_media":1563,"comment_status":"closed","ping_status":"closed","template":"","meta":{"inline_featured_image":false},"product_brand":[],"product_cat":[15],"product_tag":[],"class_list":{"0":"post-4367","1":"product","2":"type-product","3":"status-publish","4":"has-post-thumbnail","6":"product_cat-uncategorized","8":"first","9":"instock","10":"sale","11":"taxable","12":"shipping-taxable","13":"purchasable","14":"product-type-simple"},"acf":[],"_links":{"self":[{"href":"https:\/\/non-stopshop.eu\/ro\/wp-json\/wp\/v2\/product\/4367","targetHints":{"allow":["GET"]}}],"collection":[{"href":"https:\/\/non-stopshop.eu\/ro\/wp-json\/wp\/v2\/product"}],"about":[{"href":"https:\/\/non-stopshop.eu\/ro\/wp-json\/wp\/v2\/types\/product"}],"replies":[{"embeddable":true,"href":"https:\/\/non-stopshop.eu\/ro\/wp-json\/wp\/v2\/comments?post=4367"}],"wp:featuredmedia":[{"embeddable":true,"href":"https:\/\/non-stopshop.eu\/ro\/wp-json\/wp\/v2\/media\/1563"}],"wp:attachment":[{"href":"https:\/\/non-stopshop.eu\/ro\/wp-json\/wp\/v2\/media?parent=4367"}],"wp:term":[{"taxonomy":"product_brand","embeddable":true,"href":"https:\/\/non-stopshop.eu\/ro\/wp-json\/wp\/v2\/product_brand?post=4367"},{"taxonomy":"product_cat","embeddable":true,"href":"https:\/\/non-stopshop.eu\/ro\/wp-json\/wp\/v2\/product_cat?post=4367"},{"taxonomy":"product_tag","embeddable":true,"href":"https:\/\/non-stopshop.eu\/ro\/wp-json\/wp\/v2\/product_tag?post=4367"}],"curies":[{"name":"wp","href":"https:\/\/api.w.org\/{rel}","templated":true}]}}