{"id":4373,"date":"2019-10-18T14:20:48","date_gmt":"2019-10-18T12:20:48","guid":{"rendered":"https:\/\/cartium.eu\/ro\/?post_type=product&#038;p=4373"},"modified":"2023-01-11T09:06:51","modified_gmt":"2023-01-11T08:06:51","slug":"11-gratis-razatoare-multifunctionala-cuttes","status":"publish","type":"product","link":"https:\/\/non-stopshop.eu\/ro\/produs\/11-gratis-razatoare-multifunctionala-cuttes\/","title":{"rendered":"1+1 GRATIS R\u0103z\u0103toare multifunc\u0163ional\u0103 &#8211; Cuttes"},"content":{"rendered":"<p>R\u0103z\u0103toare inovatoare \u0219i ultra practic\u0103 din o\u021bel inoxidabil, cu trei extensii diferite, care v\u0103 va face mai u\u0219or s\u0103 preg\u0103ti\u021bi \u0219i s\u0103 toca\u0163i zilnic m\u00e2ncarea \u00een toate dimensiunile \u0219i formele!<\/p>\n","protected":false},"excerpt":{"rendered":"<p>R\u0103z\u0103toare inovatoare \u0219i ultra practic\u0103 din o\u021bel inoxidabil, cu trei extensii diferite, care v\u0103 va face mai u\u0219or s\u0103 preg\u0103ti\u021bi \u0219i s\u0103 toca\u0163i zilnic m\u00e2ncarea \u00een toate dimensiunile \u0219i formele!<\/p>\n","protected":false},"featured_media":281,"comment_status":"closed","ping_status":"closed","template":"","meta":{"inline_featured_image":false},"product_brand":[],"product_cat":[15,27,24],"product_tag":[],"class_list":{"0":"post-4373","1":"product","2":"type-product","3":"status-publish","4":"has-post-thumbnail","6":"product_cat-uncategorized","7":"product_cat-home","8":"product_cat-sale","10":"first","11":"instock","12":"sale","13":"taxable","14":"shipping-taxable","15":"purchasable","16":"product-type-simple"},"acf":[],"_links":{"self":[{"href":"https:\/\/non-stopshop.eu\/ro\/wp-json\/wp\/v2\/product\/4373","targetHints":{"allow":["GET"]}}],"collection":[{"href":"https:\/\/non-stopshop.eu\/ro\/wp-json\/wp\/v2\/product"}],"about":[{"href":"https:\/\/non-stopshop.eu\/ro\/wp-json\/wp\/v2\/types\/product"}],"replies":[{"embeddable":true,"href":"https:\/\/non-stopshop.eu\/ro\/wp-json\/wp\/v2\/comments?post=4373"}],"wp:featuredmedia":[{"embeddable":true,"href":"https:\/\/non-stopshop.eu\/ro\/wp-json\/wp\/v2\/media\/281"}],"wp:attachment":[{"href":"https:\/\/non-stopshop.eu\/ro\/wp-json\/wp\/v2\/media?parent=4373"}],"wp:term":[{"taxonomy":"product_brand","embeddable":true,"href":"https:\/\/non-stopshop.eu\/ro\/wp-json\/wp\/v2\/product_brand?post=4373"},{"taxonomy":"product_cat","embeddable":true,"href":"https:\/\/non-stopshop.eu\/ro\/wp-json\/wp\/v2\/product_cat?post=4373"},{"taxonomy":"product_tag","embeddable":true,"href":"https:\/\/non-stopshop.eu\/ro\/wp-json\/wp\/v2\/product_tag?post=4373"}],"curies":[{"name":"wp","href":"https:\/\/api.w.org\/{rel}","templated":true}]}}