{"id":4447,"date":"2021-11-09T10:56:59","date_gmt":"2021-11-09T09:56:59","guid":{"rendered":"https:\/\/non-stopshop.eu\/ro\/?post_type=product&#038;p=4447"},"modified":"2021-11-09T11:13:58","modified_gmt":"2021-11-09T10:13:58","slug":"jucarie-electrica-realista-in-forma-de-peste-fishtoy","status":"publish","type":"product","link":"https:\/\/non-stopshop.eu\/ro\/produs\/jucarie-electrica-realista-in-forma-de-peste-fishtoy\/","title":{"rendered":"Juc\u0103rie electric\u0103 realist\u0103 \u00een form\u0103 de pe\u0219te &#8211; Fishtoy"},"content":{"rendered":"","protected":false},"excerpt":{"rendered":"<p>O juc\u0103rie neobi\u0219nuit\u0103, care nu se distinge vizual de un pe\u0219te adev\u0103rat, deoarece se va mi\u0219ca \u0219i va urma mi\u0219c\u0103rile animalului dumneavoastr\u0103 de companie.<\/p>\n","protected":false},"featured_media":4450,"comment_status":"closed","ping_status":"closed","template":"","meta":{"inline_featured_image":false},"product_brand":[],"product_cat":[15,27,35],"product_tag":[],"class_list":{"0":"post-4447","1":"product","2":"type-product","3":"status-publish","4":"has-post-thumbnail","6":"product_cat-uncategorized","7":"product_cat-home","8":"product_cat-fun","10":"first","11":"instock","12":"sale","13":"taxable","14":"shipping-taxable","15":"purchasable","16":"product-type-simple"},"acf":[],"_links":{"self":[{"href":"https:\/\/non-stopshop.eu\/ro\/wp-json\/wp\/v2\/product\/4447","targetHints":{"allow":["GET"]}}],"collection":[{"href":"https:\/\/non-stopshop.eu\/ro\/wp-json\/wp\/v2\/product"}],"about":[{"href":"https:\/\/non-stopshop.eu\/ro\/wp-json\/wp\/v2\/types\/product"}],"replies":[{"embeddable":true,"href":"https:\/\/non-stopshop.eu\/ro\/wp-json\/wp\/v2\/comments?post=4447"}],"wp:featuredmedia":[{"embeddable":true,"href":"https:\/\/non-stopshop.eu\/ro\/wp-json\/wp\/v2\/media\/4450"}],"wp:attachment":[{"href":"https:\/\/non-stopshop.eu\/ro\/wp-json\/wp\/v2\/media?parent=4447"}],"wp:term":[{"taxonomy":"product_brand","embeddable":true,"href":"https:\/\/non-stopshop.eu\/ro\/wp-json\/wp\/v2\/product_brand?post=4447"},{"taxonomy":"product_cat","embeddable":true,"href":"https:\/\/non-stopshop.eu\/ro\/wp-json\/wp\/v2\/product_cat?post=4447"},{"taxonomy":"product_tag","embeddable":true,"href":"https:\/\/non-stopshop.eu\/ro\/wp-json\/wp\/v2\/product_tag?post=4447"}],"curies":[{"name":"wp","href":"https:\/\/api.w.org\/{rel}","templated":true}]}}