{"id":4474,"date":"2021-12-07T22:22:32","date_gmt":"2021-12-07T21:22:32","guid":{"rendered":"https:\/\/non-stopshop.eu\/ro\/?post_type=product&#038;p=4474"},"modified":"2023-01-11T10:05:55","modified_gmt":"2023-01-11T09:05:55","slug":"sosete-termice-ca-catifeaua-4-perechi-termax","status":"publish","type":"product","link":"https:\/\/non-stopshop.eu\/ro\/produs\/sosete-termice-ca-catifeaua-4-perechi-termax\/","title":{"rendered":"\u0218osete termice ca Catifeaua \u2013 4 perechi &#8211; Termax"},"content":{"rendered":"","protected":false},"excerpt":{"rendered":"<p>L\u0103sa\u021bi-l s\u0103 fie \u00eentotdeauna cald \u0219i confortabil \u00een zilele reci de iarn\u0103 purt\u00e2nd doar ace\u0219ti super \u0219osete din material excep\u021bional de ca\u0219mir, care este caracteristic respirabil \u0219i recunosc\u0103tor pentru \u00eentre\u021binere.<\/p>\n","protected":false},"featured_media":4479,"comment_status":"closed","ping_status":"closed","template":"","meta":{"inline_featured_image":false},"product_brand":[],"product_cat":[15,28,36,26],"product_tag":[],"class_list":{"0":"post-4474","1":"product","2":"type-product","3":"status-publish","4":"has-post-thumbnail","6":"product_cat-uncategorized","7":"product_cat-beauty","8":"product_cat-seasonal-discounts","9":"product_cat-health","11":"first","12":"instock","13":"sale","14":"taxable","15":"shipping-taxable","16":"purchasable","17":"product-type-simple"},"acf":[],"_links":{"self":[{"href":"https:\/\/non-stopshop.eu\/ro\/wp-json\/wp\/v2\/product\/4474","targetHints":{"allow":["GET"]}}],"collection":[{"href":"https:\/\/non-stopshop.eu\/ro\/wp-json\/wp\/v2\/product"}],"about":[{"href":"https:\/\/non-stopshop.eu\/ro\/wp-json\/wp\/v2\/types\/product"}],"replies":[{"embeddable":true,"href":"https:\/\/non-stopshop.eu\/ro\/wp-json\/wp\/v2\/comments?post=4474"}],"wp:featuredmedia":[{"embeddable":true,"href":"https:\/\/non-stopshop.eu\/ro\/wp-json\/wp\/v2\/media\/4479"}],"wp:attachment":[{"href":"https:\/\/non-stopshop.eu\/ro\/wp-json\/wp\/v2\/media?parent=4474"}],"wp:term":[{"taxonomy":"product_brand","embeddable":true,"href":"https:\/\/non-stopshop.eu\/ro\/wp-json\/wp\/v2\/product_brand?post=4474"},{"taxonomy":"product_cat","embeddable":true,"href":"https:\/\/non-stopshop.eu\/ro\/wp-json\/wp\/v2\/product_cat?post=4474"},{"taxonomy":"product_tag","embeddable":true,"href":"https:\/\/non-stopshop.eu\/ro\/wp-json\/wp\/v2\/product_tag?post=4474"}],"curies":[{"name":"wp","href":"https:\/\/api.w.org\/{rel}","templated":true}]}}