{"id":4541,"date":"2021-12-10T23:11:16","date_gmt":"2021-12-10T22:11:16","guid":{"rendered":"https:\/\/non-stopshop.eu\/ro\/?post_type=product&#038;p=4541"},"modified":"2023-05-11T11:22:33","modified_gmt":"2023-05-11T09:22:33","slug":"decor-cu-lumina-led-pe-telecomanda-ledlight","status":"publish","type":"product","link":"https:\/\/non-stopshop.eu\/ro\/produs\/decor-cu-lumina-led-pe-telecomanda-ledlight\/","title":{"rendered":"Decor cu lumin\u0103 led pe telecomand\u0103  &#8211; Ledlight"},"content":{"rendered":"","protected":false},"excerpt":{"rendered":"<p id=\"tw-target-text\" class=\"tw-data-text tw-text-large tw-ta\" dir=\"ltr\" data-placeholder=\"Prijevod\">Luminile LED decorative perfecte pe telecomand\u0103 prin intermediul smartphoneurilor vor crea atmosfera perfect\u0103 \u00een timpul s\u0103rb\u0103torilor, a Anului Nou \u0219i Cr\u0103ciunului, calitatea cu efectul varia\u021biilor colorate creeaz\u0103 o atmosfer\u0103 \u0219i o stare de spirit neobi\u0219nuit\u0103.<\/p>\n","protected":false},"featured_media":9581,"comment_status":"closed","ping_status":"closed","template":"","meta":{"inline_featured_image":false},"product_brand":[],"product_cat":[15,27,36],"product_tag":[],"class_list":{"0":"post-4541","1":"product","2":"type-product","3":"status-publish","4":"has-post-thumbnail","6":"product_cat-uncategorized","7":"product_cat-home","8":"product_cat-seasonal-discounts","10":"first","11":"instock","12":"sale","13":"taxable","14":"shipping-taxable","15":"purchasable","16":"product-type-simple"},"acf":[],"_links":{"self":[{"href":"https:\/\/non-stopshop.eu\/ro\/wp-json\/wp\/v2\/product\/4541","targetHints":{"allow":["GET"]}}],"collection":[{"href":"https:\/\/non-stopshop.eu\/ro\/wp-json\/wp\/v2\/product"}],"about":[{"href":"https:\/\/non-stopshop.eu\/ro\/wp-json\/wp\/v2\/types\/product"}],"replies":[{"embeddable":true,"href":"https:\/\/non-stopshop.eu\/ro\/wp-json\/wp\/v2\/comments?post=4541"}],"wp:featuredmedia":[{"embeddable":true,"href":"https:\/\/non-stopshop.eu\/ro\/wp-json\/wp\/v2\/media\/9581"}],"wp:attachment":[{"href":"https:\/\/non-stopshop.eu\/ro\/wp-json\/wp\/v2\/media?parent=4541"}],"wp:term":[{"taxonomy":"product_brand","embeddable":true,"href":"https:\/\/non-stopshop.eu\/ro\/wp-json\/wp\/v2\/product_brand?post=4541"},{"taxonomy":"product_cat","embeddable":true,"href":"https:\/\/non-stopshop.eu\/ro\/wp-json\/wp\/v2\/product_cat?post=4541"},{"taxonomy":"product_tag","embeddable":true,"href":"https:\/\/non-stopshop.eu\/ro\/wp-json\/wp\/v2\/product_tag?post=4541"}],"curies":[{"name":"wp","href":"https:\/\/api.w.org\/{rel}","templated":true}]}}