{"id":4664,"date":"2022-01-22T16:32:46","date_gmt":"2022-01-22T15:32:46","guid":{"rendered":"https:\/\/non-stopshop.eu\/ro\/?post_type=product&#038;p=4664"},"modified":"2022-03-11T16:18:21","modified_gmt":"2022-03-11T15:18:21","slug":"unealta-multifunctionala-de-tamplarie-si-taiere-a-placilor-de-gips-carton-cutex","status":"publish","type":"product","link":"https:\/\/non-stopshop.eu\/ro\/produs\/unealta-multifunctionala-de-tamplarie-si-taiere-a-placilor-de-gips-carton-cutex\/","title":{"rendered":"Unealt\u0103 multifunc\u021bional\u0103 de t\u00e2mpl\u0103rie \u0219i t\u0103iere a pl\u0103cilor de gips-carton &#8211; Cutex"},"content":{"rendered":"<p>&nbsp;<\/p>\n<p>&nbsp;<\/p>\n<p>&nbsp;<\/p>\n<p>&nbsp;<\/p>\n","protected":false},"excerpt":{"rendered":"<p>Marca\u021bi liniile de cot\u0103 \u0219i cele de t\u0103iere pe \u00eentreaga lungime cu creionul dulgher inclus, care se potrive\u0219te \u00een suportul comod, astfel \u00eenc\u00e2t s\u0103 r\u0103m\u00e2n\u0103 exact acolo unde ave\u021bi nevoie de el.<\/p>\n","protected":false},"featured_media":4665,"comment_status":"closed","ping_status":"closed","template":"","meta":{"inline_featured_image":false},"product_brand":[],"product_cat":[15],"product_tag":[],"class_list":{"0":"post-4664","1":"product","2":"type-product","3":"status-publish","4":"has-post-thumbnail","6":"product_cat-uncategorized","8":"first","9":"instock","10":"sale","11":"taxable","12":"shipping-taxable","13":"purchasable","14":"product-type-simple"},"acf":[],"_links":{"self":[{"href":"https:\/\/non-stopshop.eu\/ro\/wp-json\/wp\/v2\/product\/4664","targetHints":{"allow":["GET"]}}],"collection":[{"href":"https:\/\/non-stopshop.eu\/ro\/wp-json\/wp\/v2\/product"}],"about":[{"href":"https:\/\/non-stopshop.eu\/ro\/wp-json\/wp\/v2\/types\/product"}],"replies":[{"embeddable":true,"href":"https:\/\/non-stopshop.eu\/ro\/wp-json\/wp\/v2\/comments?post=4664"}],"wp:featuredmedia":[{"embeddable":true,"href":"https:\/\/non-stopshop.eu\/ro\/wp-json\/wp\/v2\/media\/4665"}],"wp:attachment":[{"href":"https:\/\/non-stopshop.eu\/ro\/wp-json\/wp\/v2\/media?parent=4664"}],"wp:term":[{"taxonomy":"product_brand","embeddable":true,"href":"https:\/\/non-stopshop.eu\/ro\/wp-json\/wp\/v2\/product_brand?post=4664"},{"taxonomy":"product_cat","embeddable":true,"href":"https:\/\/non-stopshop.eu\/ro\/wp-json\/wp\/v2\/product_cat?post=4664"},{"taxonomy":"product_tag","embeddable":true,"href":"https:\/\/non-stopshop.eu\/ro\/wp-json\/wp\/v2\/product_tag?post=4664"}],"curies":[{"name":"wp","href":"https:\/\/api.w.org\/{rel}","templated":true}]}}