{"id":4761,"date":"2022-02-14T17:39:44","date_gmt":"2022-02-14T16:39:44","guid":{"rendered":"https:\/\/non-stopshop.eu\/ro\/?post_type=product&#038;p=4761"},"modified":"2022-02-14T17:43:41","modified_gmt":"2022-02-14T16:43:41","slug":"perie-ionica-pentru-indepartat-paru","status":"publish","type":"product","link":"https:\/\/non-stopshop.eu\/ro\/produs\/perie-ionica-pentru-indepartat-paru\/","title":{"rendered":"Perie ionic\u0103 pentru \u00eendep\u0103rtat p\u0103ru"},"content":{"rendered":"<p>&nbsp;<\/p>\n<p>&nbsp;<\/p>\n<p>&nbsp;<\/p>\n<p>&nbsp;<\/p>\n","protected":false},"excerpt":{"rendered":"<p>A\u021bi ie\u0219it vreodat\u0103 stilizat din cas\u0103 \u0219i p\u0103rul vi se punea imediat pe nervi? Se onduleaz\u0103 sau p\u0103rul devine \u00eenc\u0103rcat electric? \u00cen ciuda orelor de coafare \u0219i \u00eengrijire extins\u0103 a p\u0103rului! Atunci aceast\u0103 perie este solu\u021bia perfect\u0103 pentru dumneavoastr\u0103!<\/p>\n","protected":false},"featured_media":4767,"comment_status":"closed","ping_status":"closed","template":"","meta":{"inline_featured_image":false},"product_brand":[],"product_cat":[15],"product_tag":[],"class_list":{"0":"post-4761","1":"product","2":"type-product","3":"status-publish","4":"has-post-thumbnail","6":"product_cat-uncategorized","8":"first","9":"instock","10":"sale","11":"taxable","12":"shipping-taxable","13":"purchasable","14":"product-type-simple"},"acf":[],"_links":{"self":[{"href":"https:\/\/non-stopshop.eu\/ro\/wp-json\/wp\/v2\/product\/4761","targetHints":{"allow":["GET"]}}],"collection":[{"href":"https:\/\/non-stopshop.eu\/ro\/wp-json\/wp\/v2\/product"}],"about":[{"href":"https:\/\/non-stopshop.eu\/ro\/wp-json\/wp\/v2\/types\/product"}],"replies":[{"embeddable":true,"href":"https:\/\/non-stopshop.eu\/ro\/wp-json\/wp\/v2\/comments?post=4761"}],"wp:featuredmedia":[{"embeddable":true,"href":"https:\/\/non-stopshop.eu\/ro\/wp-json\/wp\/v2\/media\/4767"}],"wp:attachment":[{"href":"https:\/\/non-stopshop.eu\/ro\/wp-json\/wp\/v2\/media?parent=4761"}],"wp:term":[{"taxonomy":"product_brand","embeddable":true,"href":"https:\/\/non-stopshop.eu\/ro\/wp-json\/wp\/v2\/product_brand?post=4761"},{"taxonomy":"product_cat","embeddable":true,"href":"https:\/\/non-stopshop.eu\/ro\/wp-json\/wp\/v2\/product_cat?post=4761"},{"taxonomy":"product_tag","embeddable":true,"href":"https:\/\/non-stopshop.eu\/ro\/wp-json\/wp\/v2\/product_tag?post=4761"}],"curies":[{"name":"wp","href":"https:\/\/api.w.org\/{rel}","templated":true}]}}