{"id":4942,"date":"2022-02-21T13:55:21","date_gmt":"2022-02-21T12:55:21","guid":{"rendered":"https:\/\/non-stopshop.eu\/ro\/?post_type=product&#038;p=4942"},"modified":"2022-02-21T13:58:38","modified_gmt":"2022-02-21T12:58:38","slug":"perna-cereasca-pentru-un-somn-perfect","status":"publish","type":"product","link":"https:\/\/non-stopshop.eu\/ro\/produs\/perna-cereasca-pentru-un-somn-perfect\/","title":{"rendered":"Pern\u0103 cereasc\u0103 pentru un somn perfect"},"content":{"rendered":"<p>&nbsp;<\/p>\n<p>&nbsp;<\/p>\n<p>&nbsp;<\/p>\n<p>&nbsp;<\/p>\n","protected":false},"excerpt":{"rendered":"<p>Pern\u0103 ergonomic\u0103 de \u00eenalt\u0103 calitate de o moliciune excep\u021bional\u0103 realizat\u0103 din materiale respirabile \u0219i \u00een acela\u0219i timp garanteaz\u0103 un confort incredibil!<\/p>\n","protected":false},"featured_media":4948,"comment_status":"closed","ping_status":"closed","template":"","meta":{"inline_featured_image":false},"product_brand":[],"product_cat":[15],"product_tag":[],"class_list":{"0":"post-4942","1":"product","2":"type-product","3":"status-publish","4":"has-post-thumbnail","6":"product_cat-uncategorized","8":"first","9":"instock","10":"sale","11":"taxable","12":"shipping-taxable","13":"purchasable","14":"product-type-simple"},"acf":[],"_links":{"self":[{"href":"https:\/\/non-stopshop.eu\/ro\/wp-json\/wp\/v2\/product\/4942","targetHints":{"allow":["GET"]}}],"collection":[{"href":"https:\/\/non-stopshop.eu\/ro\/wp-json\/wp\/v2\/product"}],"about":[{"href":"https:\/\/non-stopshop.eu\/ro\/wp-json\/wp\/v2\/types\/product"}],"replies":[{"embeddable":true,"href":"https:\/\/non-stopshop.eu\/ro\/wp-json\/wp\/v2\/comments?post=4942"}],"wp:featuredmedia":[{"embeddable":true,"href":"https:\/\/non-stopshop.eu\/ro\/wp-json\/wp\/v2\/media\/4948"}],"wp:attachment":[{"href":"https:\/\/non-stopshop.eu\/ro\/wp-json\/wp\/v2\/media?parent=4942"}],"wp:term":[{"taxonomy":"product_brand","embeddable":true,"href":"https:\/\/non-stopshop.eu\/ro\/wp-json\/wp\/v2\/product_brand?post=4942"},{"taxonomy":"product_cat","embeddable":true,"href":"https:\/\/non-stopshop.eu\/ro\/wp-json\/wp\/v2\/product_cat?post=4942"},{"taxonomy":"product_tag","embeddable":true,"href":"https:\/\/non-stopshop.eu\/ro\/wp-json\/wp\/v2\/product_tag?post=4942"}],"curies":[{"name":"wp","href":"https:\/\/api.w.org\/{rel}","templated":true}]}}