{"id":5146,"date":"2022-03-03T14:08:16","date_gmt":"2022-03-03T13:08:16","guid":{"rendered":"https:\/\/non-stopshop.eu\/ro\/?post_type=product&#038;p=5146"},"modified":"2023-01-11T10:10:47","modified_gmt":"2023-01-11T09:10:47","slug":"centura-radianta-pentru-ridicarea-fetei-lifty","status":"publish","type":"product","link":"https:\/\/non-stopshop.eu\/ro\/produs\/centura-radianta-pentru-ridicarea-fetei-lifty\/","title":{"rendered":"Centur\u0103 radiant\u0103 pentru ridicarea fe\u021bei &#8211; Lifty"},"content":{"rendered":"","protected":false},"excerpt":{"rendered":"<p id=\"tw-target-text\" class=\"tw-data-text tw-text-large tw-ta\" dir=\"ltr\" data-placeholder=\"Prijevod\">Lifty pentru fa\u021b\u0103 ridic\u0103 eficient \u0219i complet mu\u0219chii buzelor, fe\u021bei \u0219i g\u00e2tului, f\u0103r\u0103 tratamente costisitoare \u0219i Botox. Arata\u021bi mai tinere \u0219i mai fericite cu acest produs unic!<\/p>\n","protected":false},"featured_media":5278,"comment_status":"closed","ping_status":"closed","template":"","meta":{"inline_featured_image":false},"product_brand":[],"product_cat":[15,28,26],"product_tag":[],"class_list":{"0":"post-5146","1":"product","2":"type-product","3":"status-publish","4":"has-post-thumbnail","6":"product_cat-uncategorized","7":"product_cat-beauty","8":"product_cat-health","10":"first","11":"instock","12":"sale","13":"taxable","14":"shipping-taxable","15":"purchasable","16":"product-type-simple"},"acf":[],"_links":{"self":[{"href":"https:\/\/non-stopshop.eu\/ro\/wp-json\/wp\/v2\/product\/5146","targetHints":{"allow":["GET"]}}],"collection":[{"href":"https:\/\/non-stopshop.eu\/ro\/wp-json\/wp\/v2\/product"}],"about":[{"href":"https:\/\/non-stopshop.eu\/ro\/wp-json\/wp\/v2\/types\/product"}],"replies":[{"embeddable":true,"href":"https:\/\/non-stopshop.eu\/ro\/wp-json\/wp\/v2\/comments?post=5146"}],"wp:featuredmedia":[{"embeddable":true,"href":"https:\/\/non-stopshop.eu\/ro\/wp-json\/wp\/v2\/media\/5278"}],"wp:attachment":[{"href":"https:\/\/non-stopshop.eu\/ro\/wp-json\/wp\/v2\/media?parent=5146"}],"wp:term":[{"taxonomy":"product_brand","embeddable":true,"href":"https:\/\/non-stopshop.eu\/ro\/wp-json\/wp\/v2\/product_brand?post=5146"},{"taxonomy":"product_cat","embeddable":true,"href":"https:\/\/non-stopshop.eu\/ro\/wp-json\/wp\/v2\/product_cat?post=5146"},{"taxonomy":"product_tag","embeddable":true,"href":"https:\/\/non-stopshop.eu\/ro\/wp-json\/wp\/v2\/product_tag?post=5146"}],"curies":[{"name":"wp","href":"https:\/\/api.w.org\/{rel}","templated":true}]}}