{"id":5349,"date":"2022-04-01T13:43:56","date_gmt":"2022-04-01T11:43:56","guid":{"rendered":"https:\/\/non-stopshop.eu\/ro\/?post_type=product&#038;p=5349"},"modified":"2023-01-11T10:02:56","modified_gmt":"2023-01-11T09:02:56","slug":"22-gratis-ac-pentru-ungere-spoint","status":"publish","type":"product","link":"https:\/\/non-stopshop.eu\/ro\/produs\/22-gratis-ac-pentru-ungere-spoint\/","title":{"rendered":"2+2 GRATIS Ac pentru ungere &#8211; Spoint"},"content":{"rendered":"","protected":false},"excerpt":{"rendered":"<p>V\u00e2rful acestui ac v\u0103 permite s\u0103 injecta\u021bi gr\u0103simea \u00een spa\u021bii \u00eenguste. Face\u021bi ca munca dumneavoastr\u0103 s\u0103 fie mai eficient\u0103 \u0219i mai fiabil\u0103!<\/p>\n","protected":false},"featured_media":5356,"comment_status":"closed","ping_status":"closed","template":"","meta":{"inline_featured_image":false},"product_brand":[],"product_cat":[15,27,24],"product_tag":[],"class_list":{"0":"post-5349","1":"product","2":"type-product","3":"status-publish","4":"has-post-thumbnail","6":"product_cat-uncategorized","7":"product_cat-home","8":"product_cat-sale","10":"first","11":"instock","12":"sale","13":"taxable","14":"shipping-taxable","15":"purchasable","16":"product-type-simple"},"acf":[],"_links":{"self":[{"href":"https:\/\/non-stopshop.eu\/ro\/wp-json\/wp\/v2\/product\/5349","targetHints":{"allow":["GET"]}}],"collection":[{"href":"https:\/\/non-stopshop.eu\/ro\/wp-json\/wp\/v2\/product"}],"about":[{"href":"https:\/\/non-stopshop.eu\/ro\/wp-json\/wp\/v2\/types\/product"}],"replies":[{"embeddable":true,"href":"https:\/\/non-stopshop.eu\/ro\/wp-json\/wp\/v2\/comments?post=5349"}],"wp:featuredmedia":[{"embeddable":true,"href":"https:\/\/non-stopshop.eu\/ro\/wp-json\/wp\/v2\/media\/5356"}],"wp:attachment":[{"href":"https:\/\/non-stopshop.eu\/ro\/wp-json\/wp\/v2\/media?parent=5349"}],"wp:term":[{"taxonomy":"product_brand","embeddable":true,"href":"https:\/\/non-stopshop.eu\/ro\/wp-json\/wp\/v2\/product_brand?post=5349"},{"taxonomy":"product_cat","embeddable":true,"href":"https:\/\/non-stopshop.eu\/ro\/wp-json\/wp\/v2\/product_cat?post=5349"},{"taxonomy":"product_tag","embeddable":true,"href":"https:\/\/non-stopshop.eu\/ro\/wp-json\/wp\/v2\/product_tag?post=5349"}],"curies":[{"name":"wp","href":"https:\/\/api.w.org\/{rel}","templated":true}]}}