{"id":5939,"date":"2022-06-14T13:25:26","date_gmt":"2022-06-14T11:25:26","guid":{"rendered":"https:\/\/non-stopshop.eu\/ro\/?post_type=product&#038;p=5939"},"modified":"2023-01-10T15:28:34","modified_gmt":"2023-01-10T14:28:34","slug":"sutien-de-vara-pushup-fara-bretele","status":"publish","type":"product","link":"https:\/\/non-stopshop.eu\/ro\/produs\/sutien-de-vara-pushup-fara-bretele\/","title":{"rendered":"Sutien de var\u0103 PushUp f\u0103r\u0103 bretele"},"content":{"rendered":"","protected":false},"excerpt":{"rendered":"<p>Ridica\u021bi-v\u0103 s\u00e2nii pentru un aspect spectaculos cu un decolteu mai ad\u00e2nc \u00een orice ocazie \u0219i combina\u021bie. Acest sutien f\u0103r\u0103 bretele PushUp va r\u0103m\u00e2ne ascuns sub orice \u00eembr\u0103c\u0103minte.<\/p>\n<ul>\n<li>A-B &#8211; potrivit pentru co\u0219uri A\/B<\/li>\n<li>C-D \u2013 potrivit pentru co\u0219uri C\/D<\/li>\n<li>E-F \u2013 potrivit pentru co\u0219uri E\/F<\/li>\n<\/ul>\n","protected":false},"featured_media":5950,"comment_status":"closed","ping_status":"closed","template":"","meta":{"inline_featured_image":false},"product_brand":[],"product_cat":[15,28,26],"product_tag":[],"class_list":{"0":"post-5939","1":"product","2":"type-product","3":"status-publish","4":"has-post-thumbnail","6":"product_cat-uncategorized","7":"product_cat-beauty","8":"product_cat-health","10":"first","11":"instock","12":"sale","13":"taxable","14":"shipping-taxable","15":"purchasable","16":"product-type-variable"},"acf":[],"_links":{"self":[{"href":"https:\/\/non-stopshop.eu\/ro\/wp-json\/wp\/v2\/product\/5939","targetHints":{"allow":["GET"]}}],"collection":[{"href":"https:\/\/non-stopshop.eu\/ro\/wp-json\/wp\/v2\/product"}],"about":[{"href":"https:\/\/non-stopshop.eu\/ro\/wp-json\/wp\/v2\/types\/product"}],"replies":[{"embeddable":true,"href":"https:\/\/non-stopshop.eu\/ro\/wp-json\/wp\/v2\/comments?post=5939"}],"wp:featuredmedia":[{"embeddable":true,"href":"https:\/\/non-stopshop.eu\/ro\/wp-json\/wp\/v2\/media\/5950"}],"wp:attachment":[{"href":"https:\/\/non-stopshop.eu\/ro\/wp-json\/wp\/v2\/media?parent=5939"}],"wp:term":[{"taxonomy":"product_brand","embeddable":true,"href":"https:\/\/non-stopshop.eu\/ro\/wp-json\/wp\/v2\/product_brand?post=5939"},{"taxonomy":"product_cat","embeddable":true,"href":"https:\/\/non-stopshop.eu\/ro\/wp-json\/wp\/v2\/product_cat?post=5939"},{"taxonomy":"product_tag","embeddable":true,"href":"https:\/\/non-stopshop.eu\/ro\/wp-json\/wp\/v2\/product_tag?post=5939"}],"curies":[{"name":"wp","href":"https:\/\/api.w.org\/{rel}","templated":true}]}}