{"id":5990,"date":"2022-06-17T13:19:01","date_gmt":"2022-06-17T11:19:01","guid":{"rendered":"https:\/\/non-stopshop.eu\/ro\/?post_type=product&#038;p=5990"},"modified":"2023-01-10T15:28:16","modified_gmt":"2023-01-10T14:28:16","slug":"jaluzele-pentru-protectie-solara-pentru-masini-si-geamuri-shady","status":"publish","type":"product","link":"https:\/\/non-stopshop.eu\/ro\/produs\/jaluzele-pentru-protectie-solara-pentru-masini-si-geamuri-shady\/","title":{"rendered":"Jaluzele pentru protec\u021bie solar\u0103 pentru ma\u0219ini \u0219i geamuri &#8211; Shady"},"content":{"rendered":"","protected":false},"excerpt":{"rendered":"<p>Reduce\u021bi razele UV \u0219i lumina soarelui din ma\u0219ina dumneavoastr\u0103 \u0219i face\u021bi condusul mai pl\u0103cut. Utiliza\u021bi aceast\u0103 protec\u021bie pentru toate \u00eenc\u0103perile \u00een care este nevoie!<\/p>\n","protected":false},"featured_media":5999,"comment_status":"closed","ping_status":"closed","template":"","meta":{"inline_featured_image":false},"product_brand":[],"product_cat":[15,25,27],"product_tag":[],"class_list":{"0":"post-5990","1":"product","2":"type-product","3":"status-publish","4":"has-post-thumbnail","6":"product_cat-uncategorized","7":"product_cat-car","8":"product_cat-home","10":"first","11":"instock","12":"sale","13":"taxable","14":"shipping-taxable","15":"purchasable","16":"product-type-simple"},"acf":[],"_links":{"self":[{"href":"https:\/\/non-stopshop.eu\/ro\/wp-json\/wp\/v2\/product\/5990","targetHints":{"allow":["GET"]}}],"collection":[{"href":"https:\/\/non-stopshop.eu\/ro\/wp-json\/wp\/v2\/product"}],"about":[{"href":"https:\/\/non-stopshop.eu\/ro\/wp-json\/wp\/v2\/types\/product"}],"replies":[{"embeddable":true,"href":"https:\/\/non-stopshop.eu\/ro\/wp-json\/wp\/v2\/comments?post=5990"}],"wp:featuredmedia":[{"embeddable":true,"href":"https:\/\/non-stopshop.eu\/ro\/wp-json\/wp\/v2\/media\/5999"}],"wp:attachment":[{"href":"https:\/\/non-stopshop.eu\/ro\/wp-json\/wp\/v2\/media?parent=5990"}],"wp:term":[{"taxonomy":"product_brand","embeddable":true,"href":"https:\/\/non-stopshop.eu\/ro\/wp-json\/wp\/v2\/product_brand?post=5990"},{"taxonomy":"product_cat","embeddable":true,"href":"https:\/\/non-stopshop.eu\/ro\/wp-json\/wp\/v2\/product_cat?post=5990"},{"taxonomy":"product_tag","embeddable":true,"href":"https:\/\/non-stopshop.eu\/ro\/wp-json\/wp\/v2\/product_tag?post=5990"}],"curies":[{"name":"wp","href":"https:\/\/api.w.org\/{rel}","templated":true}]}}