{"id":6040,"date":"2022-06-22T09:40:28","date_gmt":"2022-06-22T07:40:28","guid":{"rendered":"https:\/\/non-stopshop.eu\/ro\/?post_type=product&#038;p=6040"},"modified":"2023-04-13T12:40:36","modified_gmt":"2023-04-13T10:40:36","slug":"joc-de-potrivire-a-formelor","status":"publish","type":"product","link":"https:\/\/non-stopshop.eu\/ro\/produs\/joc-de-potrivire-a-formelor\/","title":{"rendered":"Joc de potrivire a formelor"},"content":{"rendered":"","protected":false},"excerpt":{"rendered":"<p>Acest joc educa\u021bional senzorial de potrivire \u0219i g\u0103sire a formei potrivite este o combina\u021bie ideal\u0103 de \u00eenv\u0103\u021bare \u0219i distrac\u021bie. Oferi\u021bi-le copiilor vo\u0219tri distrac\u021bia perfect\u0103!<\/p>\n","protected":false},"featured_media":6044,"comment_status":"closed","ping_status":"closed","template":"","meta":{"inline_featured_image":false},"product_brand":[],"product_cat":[15,24,35],"product_tag":[],"class_list":{"0":"post-6040","1":"product","2":"type-product","3":"status-publish","4":"has-post-thumbnail","6":"product_cat-uncategorized","7":"product_cat-sale","8":"product_cat-fun","10":"first","11":"instock","12":"sale","13":"taxable","14":"shipping-taxable","15":"purchasable","16":"product-type-simple"},"acf":[],"_links":{"self":[{"href":"https:\/\/non-stopshop.eu\/ro\/wp-json\/wp\/v2\/product\/6040","targetHints":{"allow":["GET"]}}],"collection":[{"href":"https:\/\/non-stopshop.eu\/ro\/wp-json\/wp\/v2\/product"}],"about":[{"href":"https:\/\/non-stopshop.eu\/ro\/wp-json\/wp\/v2\/types\/product"}],"replies":[{"embeddable":true,"href":"https:\/\/non-stopshop.eu\/ro\/wp-json\/wp\/v2\/comments?post=6040"}],"wp:featuredmedia":[{"embeddable":true,"href":"https:\/\/non-stopshop.eu\/ro\/wp-json\/wp\/v2\/media\/6044"}],"wp:attachment":[{"href":"https:\/\/non-stopshop.eu\/ro\/wp-json\/wp\/v2\/media?parent=6040"}],"wp:term":[{"taxonomy":"product_brand","embeddable":true,"href":"https:\/\/non-stopshop.eu\/ro\/wp-json\/wp\/v2\/product_brand?post=6040"},{"taxonomy":"product_cat","embeddable":true,"href":"https:\/\/non-stopshop.eu\/ro\/wp-json\/wp\/v2\/product_cat?post=6040"},{"taxonomy":"product_tag","embeddable":true,"href":"https:\/\/non-stopshop.eu\/ro\/wp-json\/wp\/v2\/product_tag?post=6040"}],"curies":[{"name":"wp","href":"https:\/\/api.w.org\/{rel}","templated":true}]}}