{"id":6160,"date":"2022-07-01T14:22:44","date_gmt":"2022-07-01T12:22:44","guid":{"rendered":"https:\/\/non-stopshop.eu\/ro\/?post_type=product&#038;p=6160"},"modified":"2023-01-10T15:27:58","modified_gmt":"2023-01-10T14:27:58","slug":"gel-pentru-curatarea-si-albirea-incaltamintei","status":"publish","type":"product","link":"https:\/\/non-stopshop.eu\/ro\/produs\/gel-pentru-curatarea-si-albirea-incaltamintei\/","title":{"rendered":"Gel pentru cur\u0103\u021barea \u0219i albirea \u00eenc\u0103l\u021b\u0103mintei"},"content":{"rendered":"","protected":false},"excerpt":{"rendered":"<p>\u00cendep\u0103rta\u021bi murd\u0103ria \u0219i petele galbene de la prea mult stat cu acest gel de albire \u0219i cur\u0103\u021bare fenomenal!<\/p>\n","protected":false},"featured_media":6166,"comment_status":"closed","ping_status":"closed","template":"","meta":{"inline_featured_image":false},"product_brand":[],"product_cat":[15,27,28],"product_tag":[],"class_list":{"0":"post-6160","1":"product","2":"type-product","3":"status-publish","4":"has-post-thumbnail","6":"product_cat-uncategorized","7":"product_cat-home","8":"product_cat-beauty","10":"first","11":"instock","12":"sale","13":"taxable","14":"shipping-taxable","15":"purchasable","16":"product-type-simple"},"acf":[],"_links":{"self":[{"href":"https:\/\/non-stopshop.eu\/ro\/wp-json\/wp\/v2\/product\/6160","targetHints":{"allow":["GET"]}}],"collection":[{"href":"https:\/\/non-stopshop.eu\/ro\/wp-json\/wp\/v2\/product"}],"about":[{"href":"https:\/\/non-stopshop.eu\/ro\/wp-json\/wp\/v2\/types\/product"}],"replies":[{"embeddable":true,"href":"https:\/\/non-stopshop.eu\/ro\/wp-json\/wp\/v2\/comments?post=6160"}],"wp:featuredmedia":[{"embeddable":true,"href":"https:\/\/non-stopshop.eu\/ro\/wp-json\/wp\/v2\/media\/6166"}],"wp:attachment":[{"href":"https:\/\/non-stopshop.eu\/ro\/wp-json\/wp\/v2\/media?parent=6160"}],"wp:term":[{"taxonomy":"product_brand","embeddable":true,"href":"https:\/\/non-stopshop.eu\/ro\/wp-json\/wp\/v2\/product_brand?post=6160"},{"taxonomy":"product_cat","embeddable":true,"href":"https:\/\/non-stopshop.eu\/ro\/wp-json\/wp\/v2\/product_cat?post=6160"},{"taxonomy":"product_tag","embeddable":true,"href":"https:\/\/non-stopshop.eu\/ro\/wp-json\/wp\/v2\/product_tag?post=6160"}],"curies":[{"name":"wp","href":"https:\/\/api.w.org\/{rel}","templated":true}]}}