{"id":621,"date":"2020-12-11T10:15:28","date_gmt":"2020-12-11T09:15:28","guid":{"rendered":"https:\/\/shopium.eu\/rs\/?post_type=product&#038;p=621"},"modified":"2023-05-20T10:39:08","modified_gmt":"2023-05-20T08:39:08","slug":"plasa-pliabila-pentru-prinderea-usoara-a-pestilor-fishet","status":"publish","type":"product","link":"https:\/\/non-stopshop.eu\/ro\/produs\/plasa-pliabila-pentru-prinderea-usoara-a-pestilor-fishet\/","title":{"rendered":"Plas\u0103 pliabil\u0103 pentru prinderea u\u015foar\u0103 a pe\u015ftilor &#8211; Fishet"},"content":{"rendered":"<p>Dac\u0103 sunte\u021bi un adev\u0103rat fan al pescuitului \u0219i, \u00een acela\u0219i timp, v\u0103 place o captur\u0103 bogat\u0103 \u0219i mare cu aceast\u0103 plas\u0103 super practic\u0103 \u0219i simpl\u0103, combina\u021bi pl\u0103cerea cu utilul, \u0219iprofita\u0163i la maxim de pescuit!<\/p>\n","protected":false},"excerpt":{"rendered":"<p>Dac\u0103 sunte\u021bi un adev\u0103rat fan al pescuitului \u0219i, \u00een acela\u0219i timp, v\u0103 place o captur\u0103 bogat\u0103 \u0219i mare cu aceast\u0103 plas\u0103 super practic\u0103 \u0219i simpl\u0103, combina\u021bi pl\u0103cerea cu utilul, \u0219iprofita\u0163i la maxim de pescuit!<\/p>\n","protected":false},"featured_media":1839,"comment_status":"closed","ping_status":"closed","template":"","meta":{"inline_featured_image":false},"product_brand":[],"product_cat":[15,35],"product_tag":[],"class_list":{"0":"post-621","1":"product","2":"type-product","3":"status-publish","4":"has-post-thumbnail","6":"product_cat-uncategorized","7":"product_cat-fun","9":"first","10":"instock","11":"sale","12":"taxable","13":"shipping-taxable","14":"purchasable","15":"product-type-simple"},"acf":[],"_links":{"self":[{"href":"https:\/\/non-stopshop.eu\/ro\/wp-json\/wp\/v2\/product\/621","targetHints":{"allow":["GET"]}}],"collection":[{"href":"https:\/\/non-stopshop.eu\/ro\/wp-json\/wp\/v2\/product"}],"about":[{"href":"https:\/\/non-stopshop.eu\/ro\/wp-json\/wp\/v2\/types\/product"}],"replies":[{"embeddable":true,"href":"https:\/\/non-stopshop.eu\/ro\/wp-json\/wp\/v2\/comments?post=621"}],"wp:featuredmedia":[{"embeddable":true,"href":"https:\/\/non-stopshop.eu\/ro\/wp-json\/wp\/v2\/media\/1839"}],"wp:attachment":[{"href":"https:\/\/non-stopshop.eu\/ro\/wp-json\/wp\/v2\/media?parent=621"}],"wp:term":[{"taxonomy":"product_brand","embeddable":true,"href":"https:\/\/non-stopshop.eu\/ro\/wp-json\/wp\/v2\/product_brand?post=621"},{"taxonomy":"product_cat","embeddable":true,"href":"https:\/\/non-stopshop.eu\/ro\/wp-json\/wp\/v2\/product_cat?post=621"},{"taxonomy":"product_tag","embeddable":true,"href":"https:\/\/non-stopshop.eu\/ro\/wp-json\/wp\/v2\/product_tag?post=621"}],"curies":[{"name":"wp","href":"https:\/\/api.w.org\/{rel}","templated":true}]}}