{"id":6672,"date":"2022-07-29T21:51:27","date_gmt":"2022-07-29T19:51:27","guid":{"rendered":"https:\/\/non-stopshop.eu\/ro\/?post_type=product&#038;p=6672"},"modified":"2023-07-13T14:36:37","modified_gmt":"2023-07-13T12:36:37","slug":"lichid-pentru-albirea-dintilor","status":"publish","type":"product","link":"https:\/\/non-stopshop.eu\/ro\/produs\/lichid-pentru-albirea-dintilor\/","title":{"rendered":"Lichid pentru albirea din\u021bilor"},"content":{"rendered":"","protected":false},"excerpt":{"rendered":"<p>Neutraliza\u021bi culoarea galben\u0103 ur\u00e2t\u0103 a din\u021bilor dumneavoastr\u0103. \u00centr-un timp foarte scurt, lasa\u021bi-v\u0103 din\u021bii s\u0103 str\u0103luceasc\u0103 \u0219i s\u0103 devin\u0103 albi sidefa\u021bi.<\/p>\n","protected":false},"featured_media":6700,"comment_status":"closed","ping_status":"closed","template":"","meta":{"inline_featured_image":false},"product_brand":[],"product_cat":[15,28,26],"product_tag":[],"class_list":{"0":"post-6672","1":"product","2":"type-product","3":"status-publish","4":"has-post-thumbnail","6":"product_cat-uncategorized","7":"product_cat-beauty","8":"product_cat-health","10":"first","11":"instock","12":"sale","13":"taxable","14":"shipping-taxable","15":"purchasable","16":"product-type-simple"},"acf":[],"_links":{"self":[{"href":"https:\/\/non-stopshop.eu\/ro\/wp-json\/wp\/v2\/product\/6672","targetHints":{"allow":["GET"]}}],"collection":[{"href":"https:\/\/non-stopshop.eu\/ro\/wp-json\/wp\/v2\/product"}],"about":[{"href":"https:\/\/non-stopshop.eu\/ro\/wp-json\/wp\/v2\/types\/product"}],"replies":[{"embeddable":true,"href":"https:\/\/non-stopshop.eu\/ro\/wp-json\/wp\/v2\/comments?post=6672"}],"wp:featuredmedia":[{"embeddable":true,"href":"https:\/\/non-stopshop.eu\/ro\/wp-json\/wp\/v2\/media\/6700"}],"wp:attachment":[{"href":"https:\/\/non-stopshop.eu\/ro\/wp-json\/wp\/v2\/media?parent=6672"}],"wp:term":[{"taxonomy":"product_brand","embeddable":true,"href":"https:\/\/non-stopshop.eu\/ro\/wp-json\/wp\/v2\/product_brand?post=6672"},{"taxonomy":"product_cat","embeddable":true,"href":"https:\/\/non-stopshop.eu\/ro\/wp-json\/wp\/v2\/product_cat?post=6672"},{"taxonomy":"product_tag","embeddable":true,"href":"https:\/\/non-stopshop.eu\/ro\/wp-json\/wp\/v2\/product_tag?post=6672"}],"curies":[{"name":"wp","href":"https:\/\/api.w.org\/{rel}","templated":true}]}}