{"id":6917,"date":"2022-08-11T15:20:47","date_gmt":"2022-08-11T13:20:47","guid":{"rendered":"https:\/\/non-stopshop.eu\/ro\/?post_type=product&#038;p=6917"},"modified":"2023-04-13T15:58:24","modified_gmt":"2023-04-13T13:58:24","slug":"un-ceas-cu-o-masina-cu-telecomanda","status":"publish","type":"product","link":"https:\/\/non-stopshop.eu\/ro\/produs\/un-ceas-cu-o-masina-cu-telecomanda\/","title":{"rendered":"Un ceas cu o ma\u0219in\u0103 cu telecomand\u0103"},"content":{"rendered":"","protected":false},"excerpt":{"rendered":"<p>O juc\u0103rie fenomenal\u0103 \u0219i practic\u0103, va face fiecare copil s\u0103 z\u00e2mbeasc\u0103 \u0219i s\u0103 se distreze \u00een toate situa\u021biile. Designul practic va permite copilului s\u0103 aib\u0103 mereu cu el juc\u0103ria lui preferat\u0103!<\/p>\n","protected":false},"featured_media":6918,"comment_status":"closed","ping_status":"closed","template":"","meta":{"inline_featured_image":false},"product_brand":[],"product_cat":[15,25,35],"product_tag":[],"class_list":{"0":"post-6917","1":"product","2":"type-product","3":"status-publish","4":"has-post-thumbnail","6":"product_cat-uncategorized","7":"product_cat-car","8":"product_cat-fun","10":"first","11":"instock","12":"sale","13":"taxable","14":"shipping-taxable","15":"purchasable","16":"product-type-simple"},"acf":[],"_links":{"self":[{"href":"https:\/\/non-stopshop.eu\/ro\/wp-json\/wp\/v2\/product\/6917","targetHints":{"allow":["GET"]}}],"collection":[{"href":"https:\/\/non-stopshop.eu\/ro\/wp-json\/wp\/v2\/product"}],"about":[{"href":"https:\/\/non-stopshop.eu\/ro\/wp-json\/wp\/v2\/types\/product"}],"replies":[{"embeddable":true,"href":"https:\/\/non-stopshop.eu\/ro\/wp-json\/wp\/v2\/comments?post=6917"}],"wp:featuredmedia":[{"embeddable":true,"href":"https:\/\/non-stopshop.eu\/ro\/wp-json\/wp\/v2\/media\/6918"}],"wp:attachment":[{"href":"https:\/\/non-stopshop.eu\/ro\/wp-json\/wp\/v2\/media?parent=6917"}],"wp:term":[{"taxonomy":"product_brand","embeddable":true,"href":"https:\/\/non-stopshop.eu\/ro\/wp-json\/wp\/v2\/product_brand?post=6917"},{"taxonomy":"product_cat","embeddable":true,"href":"https:\/\/non-stopshop.eu\/ro\/wp-json\/wp\/v2\/product_cat?post=6917"},{"taxonomy":"product_tag","embeddable":true,"href":"https:\/\/non-stopshop.eu\/ro\/wp-json\/wp\/v2\/product_tag?post=6917"}],"curies":[{"name":"wp","href":"https:\/\/api.w.org\/{rel}","templated":true}]}}