{"id":735,"date":"2020-12-25T14:04:39","date_gmt":"2020-12-25T13:04:39","guid":{"rendered":"https:\/\/shopium.eu\/ro\/?post_type=product&#038;p=735"},"modified":"2021-10-06T10:48:35","modified_gmt":"2021-10-06T08:48:35","slug":"banda-izolatoare-lichida-liquidtape-3","status":"publish","type":"product","link":"https:\/\/non-stopshop.eu\/ro\/produs\/banda-izolatoare-lichida-liquidtape-3\/","title":{"rendered":"Banda izolatoare lichid\u0103 &#8211; LiquidTape"},"content":{"rendered":"<p>Solu\u021bia perfect\u0103 pentru izolarea tuturor conexiunilor electrice cu acest lichid izolant ultra-practic \u0219i sigur va face ca toate conexiunile s\u0103 fie complet sigure f\u0103r\u0103 s\u0103 cad\u0103 ca la benzile izolatoare clasice.<\/p>\n","protected":false},"excerpt":{"rendered":"<p>Solu\u021bia perfect\u0103 pentru izolarea tuturor conexiunilor electrice cu acest lichid izolant ultra-practic \u0219i sigur va face ca toate conexiunile s\u0103 fie complet sigure f\u0103r\u0103 s\u0103 cad\u0103 ca la benzile izolatoare clasice.<\/p>\n","protected":false},"featured_media":724,"comment_status":"closed","ping_status":"closed","template":"","meta":{"inline_featured_image":false},"product_brand":[],"product_cat":[15,27],"product_tag":[],"class_list":{"0":"post-735","1":"product","2":"type-product","3":"status-publish","4":"has-post-thumbnail","6":"product_cat-uncategorized","7":"product_cat-home","9":"first","10":"instock","11":"sale","12":"taxable","13":"shipping-taxable","14":"purchasable","15":"product-type-simple"},"acf":[],"_links":{"self":[{"href":"https:\/\/non-stopshop.eu\/ro\/wp-json\/wp\/v2\/product\/735","targetHints":{"allow":["GET"]}}],"collection":[{"href":"https:\/\/non-stopshop.eu\/ro\/wp-json\/wp\/v2\/product"}],"about":[{"href":"https:\/\/non-stopshop.eu\/ro\/wp-json\/wp\/v2\/types\/product"}],"replies":[{"embeddable":true,"href":"https:\/\/non-stopshop.eu\/ro\/wp-json\/wp\/v2\/comments?post=735"}],"wp:featuredmedia":[{"embeddable":true,"href":"https:\/\/non-stopshop.eu\/ro\/wp-json\/wp\/v2\/media\/724"}],"wp:attachment":[{"href":"https:\/\/non-stopshop.eu\/ro\/wp-json\/wp\/v2\/media?parent=735"}],"wp:term":[{"taxonomy":"product_brand","embeddable":true,"href":"https:\/\/non-stopshop.eu\/ro\/wp-json\/wp\/v2\/product_brand?post=735"},{"taxonomy":"product_cat","embeddable":true,"href":"https:\/\/non-stopshop.eu\/ro\/wp-json\/wp\/v2\/product_cat?post=735"},{"taxonomy":"product_tag","embeddable":true,"href":"https:\/\/non-stopshop.eu\/ro\/wp-json\/wp\/v2\/product_tag?post=735"}],"curies":[{"name":"wp","href":"https:\/\/api.w.org\/{rel}","templated":true}]}}