{"id":7458,"date":"2022-09-09T11:35:51","date_gmt":"2022-09-09T09:35:51","guid":{"rendered":"https:\/\/non-stopshop.eu\/ro\/?post_type=product&#038;p=7458"},"modified":"2023-01-11T10:05:44","modified_gmt":"2023-01-11T09:05:44","slug":"set-electric-manual-pentru-taiat-legume-4-in-1","status":"publish","type":"product","link":"https:\/\/non-stopshop.eu\/ro\/produs\/set-electric-manual-pentru-taiat-legume-4-in-1\/","title":{"rendered":"Set electric manual pentru t\u0103iat legume 4 \u00een 1"},"content":{"rendered":"","protected":false},"excerpt":{"rendered":"<p>Set multifunc\u021bional 4 \u00een 1 pentru t\u0103iat fructe, legume, perie electric\u0103 sau ma\u0219in\u0103 de tocat carnea. Pute\u021bi lucra cu un singur produs \u00een mai multe moduri diferite.<\/p>\n","protected":false},"featured_media":7470,"comment_status":"closed","ping_status":"closed","template":"","meta":{"inline_featured_image":false},"product_brand":[],"product_cat":[15,27,35],"product_tag":[],"class_list":{"0":"post-7458","1":"product","2":"type-product","3":"status-publish","4":"has-post-thumbnail","6":"product_cat-uncategorized","7":"product_cat-home","8":"product_cat-fun","10":"first","11":"instock","12":"sale","13":"taxable","14":"shipping-taxable","15":"purchasable","16":"product-type-simple"},"acf":[],"_links":{"self":[{"href":"https:\/\/non-stopshop.eu\/ro\/wp-json\/wp\/v2\/product\/7458","targetHints":{"allow":["GET"]}}],"collection":[{"href":"https:\/\/non-stopshop.eu\/ro\/wp-json\/wp\/v2\/product"}],"about":[{"href":"https:\/\/non-stopshop.eu\/ro\/wp-json\/wp\/v2\/types\/product"}],"replies":[{"embeddable":true,"href":"https:\/\/non-stopshop.eu\/ro\/wp-json\/wp\/v2\/comments?post=7458"}],"wp:featuredmedia":[{"embeddable":true,"href":"https:\/\/non-stopshop.eu\/ro\/wp-json\/wp\/v2\/media\/7470"}],"wp:attachment":[{"href":"https:\/\/non-stopshop.eu\/ro\/wp-json\/wp\/v2\/media?parent=7458"}],"wp:term":[{"taxonomy":"product_brand","embeddable":true,"href":"https:\/\/non-stopshop.eu\/ro\/wp-json\/wp\/v2\/product_brand?post=7458"},{"taxonomy":"product_cat","embeddable":true,"href":"https:\/\/non-stopshop.eu\/ro\/wp-json\/wp\/v2\/product_cat?post=7458"},{"taxonomy":"product_tag","embeddable":true,"href":"https:\/\/non-stopshop.eu\/ro\/wp-json\/wp\/v2\/product_tag?post=7458"}],"curies":[{"name":"wp","href":"https:\/\/api.w.org\/{rel}","templated":true}]}}