{"id":7497,"date":"2022-09-09T15:32:48","date_gmt":"2022-09-09T13:32:48","guid":{"rendered":"https:\/\/non-stopshop.eu\/ro\/?post_type=product&#038;p=7497"},"modified":"2023-09-10T07:39:00","modified_gmt":"2023-09-10T05:39:00","slug":"caiete-magice-de-lucru-pentru-copii","status":"publish","type":"product","link":"https:\/\/non-stopshop.eu\/ro\/produs\/caiete-magice-de-lucru-pentru-copii\/","title":{"rendered":"Caiete magice de lucru pentru copii"},"content":{"rendered":"","protected":false},"excerpt":{"rendered":"<p>Permite\u021bi copiilor s\u0103-\u0219i \u00eembun\u0103t\u0103\u021beasc\u0103 mi\u0219c\u0103rile \u0219i formele, desen\u00e2nd \u0219i scriind cu acest caiet de lucru distractiv. Preg\u0103ti\u021bi-v\u0103 copilul pentru \u0219coal\u0103 \u0219i u\u0219ura\u021bi-i \u00eenceputul. Permite\u021bi copiilor s\u0103-\u0219i dezvolte acurate\u021bea cu acest caiet de lucru educa\u021bional.<\/p>\n","protected":false},"featured_media":7502,"comment_status":"closed","ping_status":"closed","template":"","meta":{"inline_featured_image":false},"product_brand":[],"product_cat":[15,27,35],"product_tag":[],"class_list":{"0":"post-7497","1":"product","2":"type-product","3":"status-publish","4":"has-post-thumbnail","6":"product_cat-uncategorized","7":"product_cat-home","8":"product_cat-fun","10":"first","11":"instock","12":"sale","13":"taxable","14":"shipping-taxable","15":"purchasable","16":"product-type-simple"},"acf":[],"_links":{"self":[{"href":"https:\/\/non-stopshop.eu\/ro\/wp-json\/wp\/v2\/product\/7497","targetHints":{"allow":["GET"]}}],"collection":[{"href":"https:\/\/non-stopshop.eu\/ro\/wp-json\/wp\/v2\/product"}],"about":[{"href":"https:\/\/non-stopshop.eu\/ro\/wp-json\/wp\/v2\/types\/product"}],"replies":[{"embeddable":true,"href":"https:\/\/non-stopshop.eu\/ro\/wp-json\/wp\/v2\/comments?post=7497"}],"wp:featuredmedia":[{"embeddable":true,"href":"https:\/\/non-stopshop.eu\/ro\/wp-json\/wp\/v2\/media\/7502"}],"wp:attachment":[{"href":"https:\/\/non-stopshop.eu\/ro\/wp-json\/wp\/v2\/media?parent=7497"}],"wp:term":[{"taxonomy":"product_brand","embeddable":true,"href":"https:\/\/non-stopshop.eu\/ro\/wp-json\/wp\/v2\/product_brand?post=7497"},{"taxonomy":"product_cat","embeddable":true,"href":"https:\/\/non-stopshop.eu\/ro\/wp-json\/wp\/v2\/product_cat?post=7497"},{"taxonomy":"product_tag","embeddable":true,"href":"https:\/\/non-stopshop.eu\/ro\/wp-json\/wp\/v2\/product_tag?post=7497"}],"curies":[{"name":"wp","href":"https:\/\/api.w.org\/{rel}","templated":true}]}}