{"id":8244,"date":"2022-10-25T13:19:51","date_gmt":"2022-10-25T11:19:51","guid":{"rendered":"https:\/\/non-stopshop.eu\/ro\/?post_type=product&#038;p=8244"},"modified":"2023-11-10T10:13:56","modified_gmt":"2023-11-10T09:13:56","slug":"proiector-holografic","status":"publish","type":"product","link":"https:\/\/non-stopshop.eu\/ro\/produs\/proiector-holografic\/","title":{"rendered":"Proiector holografic"},"content":{"rendered":"","protected":false},"excerpt":{"rendered":"<p>Ridica\u021bi-v\u0103 decorarea casei pentru s\u0103rb\u0103torile de iarn\u0103 la nivel \u00eenalt. 12 proiec\u021bii diferite vor face aceste s\u0103rb\u0103tori de neuitat. Face\u021bi casa dumnevoastr\u0103 s\u0103 fie cea mai \u00eenfrico\u0219\u0103toare de Halloween \u0219i cea mai fericit\u0103 de Cr\u0103ciun.<\/p>\n","protected":false},"featured_media":8247,"comment_status":"closed","ping_status":"closed","template":"","meta":{"inline_featured_image":false},"product_brand":[],"product_cat":[15,27,35],"product_tag":[],"class_list":{"0":"post-8244","1":"product","2":"type-product","3":"status-publish","4":"has-post-thumbnail","6":"product_cat-uncategorized","7":"product_cat-home","8":"product_cat-fun","10":"first","11":"instock","12":"sale","13":"taxable","14":"shipping-taxable","15":"purchasable","16":"product-type-simple"},"acf":[],"_links":{"self":[{"href":"https:\/\/non-stopshop.eu\/ro\/wp-json\/wp\/v2\/product\/8244","targetHints":{"allow":["GET"]}}],"collection":[{"href":"https:\/\/non-stopshop.eu\/ro\/wp-json\/wp\/v2\/product"}],"about":[{"href":"https:\/\/non-stopshop.eu\/ro\/wp-json\/wp\/v2\/types\/product"}],"replies":[{"embeddable":true,"href":"https:\/\/non-stopshop.eu\/ro\/wp-json\/wp\/v2\/comments?post=8244"}],"wp:featuredmedia":[{"embeddable":true,"href":"https:\/\/non-stopshop.eu\/ro\/wp-json\/wp\/v2\/media\/8247"}],"wp:attachment":[{"href":"https:\/\/non-stopshop.eu\/ro\/wp-json\/wp\/v2\/media?parent=8244"}],"wp:term":[{"taxonomy":"product_brand","embeddable":true,"href":"https:\/\/non-stopshop.eu\/ro\/wp-json\/wp\/v2\/product_brand?post=8244"},{"taxonomy":"product_cat","embeddable":true,"href":"https:\/\/non-stopshop.eu\/ro\/wp-json\/wp\/v2\/product_cat?post=8244"},{"taxonomy":"product_tag","embeddable":true,"href":"https:\/\/non-stopshop.eu\/ro\/wp-json\/wp\/v2\/product_tag?post=8244"}],"curies":[{"name":"wp","href":"https:\/\/api.w.org\/{rel}","templated":true}]}}