{"id":8375,"date":"2022-11-16T11:11:46","date_gmt":"2022-11-16T10:11:46","guid":{"rendered":"https:\/\/non-stopshop.eu\/ro\/?post_type=product&#038;p=8375"},"modified":"2023-03-21T10:01:14","modified_gmt":"2023-03-21T09:01:14","slug":"extensie-de-taiere-a-metalelor","status":"publish","type":"product","link":"https:\/\/non-stopshop.eu\/ro\/produs\/extensie-de-taiere-a-metalelor\/","title":{"rendered":"Extensie de t\u0103iere a metalelor"},"content":{"rendered":"","protected":false},"excerpt":{"rendered":"<p>Viteza mare de t\u0103iere \u0219i t\u0103ieri curate \u0219i precise v\u0103 vor permite eficien\u021b\u0103 \u0219i precizie maxim\u0103. Se deplaseaz\u0103 perfect pe modele str\u00e2nse \u0219i col\u021buri pentru o t\u0103iere optim\u0103 de fiecare dat\u0103.<\/p>\n","protected":false},"featured_media":8379,"comment_status":"closed","ping_status":"closed","template":"","meta":{"inline_featured_image":false},"product_brand":[],"product_cat":[15,25,27],"product_tag":[],"class_list":{"0":"post-8375","1":"product","2":"type-product","3":"status-publish","4":"has-post-thumbnail","6":"product_cat-uncategorized","7":"product_cat-car","8":"product_cat-home","10":"first","11":"instock","12":"sale","13":"taxable","14":"shipping-taxable","15":"purchasable","16":"product-type-simple"},"acf":[],"_links":{"self":[{"href":"https:\/\/non-stopshop.eu\/ro\/wp-json\/wp\/v2\/product\/8375","targetHints":{"allow":["GET"]}}],"collection":[{"href":"https:\/\/non-stopshop.eu\/ro\/wp-json\/wp\/v2\/product"}],"about":[{"href":"https:\/\/non-stopshop.eu\/ro\/wp-json\/wp\/v2\/types\/product"}],"replies":[{"embeddable":true,"href":"https:\/\/non-stopshop.eu\/ro\/wp-json\/wp\/v2\/comments?post=8375"}],"wp:featuredmedia":[{"embeddable":true,"href":"https:\/\/non-stopshop.eu\/ro\/wp-json\/wp\/v2\/media\/8379"}],"wp:attachment":[{"href":"https:\/\/non-stopshop.eu\/ro\/wp-json\/wp\/v2\/media?parent=8375"}],"wp:term":[{"taxonomy":"product_brand","embeddable":true,"href":"https:\/\/non-stopshop.eu\/ro\/wp-json\/wp\/v2\/product_brand?post=8375"},{"taxonomy":"product_cat","embeddable":true,"href":"https:\/\/non-stopshop.eu\/ro\/wp-json\/wp\/v2\/product_cat?post=8375"},{"taxonomy":"product_tag","embeddable":true,"href":"https:\/\/non-stopshop.eu\/ro\/wp-json\/wp\/v2\/product_tag?post=8375"}],"curies":[{"name":"wp","href":"https:\/\/api.w.org\/{rel}","templated":true}]}}