{"id":8721,"date":"2023-01-19T12:16:53","date_gmt":"2023-01-19T11:16:53","guid":{"rendered":"https:\/\/non-stopshop.eu\/ro\/?post_type=product&#038;p=8721"},"modified":"2023-01-19T12:28:25","modified_gmt":"2023-01-19T11:28:25","slug":"aspirator-de-mana-fara-fir","status":"publish","type":"product","link":"https:\/\/non-stopshop.eu\/ro\/produs\/aspirator-de-mana-fara-fir\/","title":{"rendered":"Aspirator de m\u00e2n\u0103 f\u0103r\u0103 fir"},"content":{"rendered":"","protected":false},"excerpt":{"rendered":"<p>Un aspirator de m\u00e2n\u0103 u\u0219or, cu putere de aspirare puternic\u0103, este un asistent ideal \u00een orice cas\u0103, loc de munc\u0103 sau ma\u0219in\u0103. Sc\u0103pa\u021bi de murd\u0103rie \u00een c\u00e2\u021biva pa\u0219i cu acest aspirator de ultim\u0103 genera\u021bie.<\/p>\n","protected":false},"featured_media":8727,"comment_status":"closed","ping_status":"closed","template":"","meta":{"inline_featured_image":false},"product_brand":[],"product_cat":[15,27],"product_tag":[],"class_list":{"0":"post-8721","1":"product","2":"type-product","3":"status-publish","4":"has-post-thumbnail","6":"product_cat-uncategorized","7":"product_cat-home","9":"first","10":"instock","11":"sale","12":"taxable","13":"shipping-taxable","14":"purchasable","15":"product-type-simple"},"acf":[],"_links":{"self":[{"href":"https:\/\/non-stopshop.eu\/ro\/wp-json\/wp\/v2\/product\/8721","targetHints":{"allow":["GET"]}}],"collection":[{"href":"https:\/\/non-stopshop.eu\/ro\/wp-json\/wp\/v2\/product"}],"about":[{"href":"https:\/\/non-stopshop.eu\/ro\/wp-json\/wp\/v2\/types\/product"}],"replies":[{"embeddable":true,"href":"https:\/\/non-stopshop.eu\/ro\/wp-json\/wp\/v2\/comments?post=8721"}],"wp:featuredmedia":[{"embeddable":true,"href":"https:\/\/non-stopshop.eu\/ro\/wp-json\/wp\/v2\/media\/8727"}],"wp:attachment":[{"href":"https:\/\/non-stopshop.eu\/ro\/wp-json\/wp\/v2\/media?parent=8721"}],"wp:term":[{"taxonomy":"product_brand","embeddable":true,"href":"https:\/\/non-stopshop.eu\/ro\/wp-json\/wp\/v2\/product_brand?post=8721"},{"taxonomy":"product_cat","embeddable":true,"href":"https:\/\/non-stopshop.eu\/ro\/wp-json\/wp\/v2\/product_cat?post=8721"},{"taxonomy":"product_tag","embeddable":true,"href":"https:\/\/non-stopshop.eu\/ro\/wp-json\/wp\/v2\/product_tag?post=8721"}],"curies":[{"name":"wp","href":"https:\/\/api.w.org\/{rel}","templated":true}]}}