{"id":9145,"date":"2023-02-27T08:13:10","date_gmt":"2023-02-27T07:13:10","guid":{"rendered":"https:\/\/non-stopshop.eu\/ro\/?post_type=product&#038;p=9145"},"modified":"2023-03-21T09:19:47","modified_gmt":"2023-03-21T08:19:47","slug":"jucarie-educativa-trenulet-din-lemn-cu-numere","status":"publish","type":"product","link":"https:\/\/non-stopshop.eu\/ro\/produs\/jucarie-educativa-trenulet-din-lemn-cu-numere\/","title":{"rendered":"Juc\u0103rie educativ\u0103-Trenule\u021b din lemn cu numere"},"content":{"rendered":"","protected":false},"excerpt":{"rendered":"<p>O juc\u0103rie pentru \u00eenv\u0103\u021barea timpurie a numerelor, formelor \u0219i culorilor. Exersarea abilit\u0103\u021bilor practice \u0219i mentale \u0219i dezvoltarea creativit\u0103\u021bii.<\/p>\n","protected":false},"featured_media":9155,"comment_status":"closed","ping_status":"closed","template":"","meta":{"inline_featured_image":false},"product_brand":[],"product_cat":[15,35],"product_tag":[],"class_list":{"0":"post-9145","1":"product","2":"type-product","3":"status-publish","4":"has-post-thumbnail","6":"product_cat-uncategorized","7":"product_cat-fun","9":"first","10":"instock","11":"sale","12":"taxable","13":"shipping-taxable","14":"purchasable","15":"product-type-simple"},"acf":[],"_links":{"self":[{"href":"https:\/\/non-stopshop.eu\/ro\/wp-json\/wp\/v2\/product\/9145","targetHints":{"allow":["GET"]}}],"collection":[{"href":"https:\/\/non-stopshop.eu\/ro\/wp-json\/wp\/v2\/product"}],"about":[{"href":"https:\/\/non-stopshop.eu\/ro\/wp-json\/wp\/v2\/types\/product"}],"replies":[{"embeddable":true,"href":"https:\/\/non-stopshop.eu\/ro\/wp-json\/wp\/v2\/comments?post=9145"}],"wp:featuredmedia":[{"embeddable":true,"href":"https:\/\/non-stopshop.eu\/ro\/wp-json\/wp\/v2\/media\/9155"}],"wp:attachment":[{"href":"https:\/\/non-stopshop.eu\/ro\/wp-json\/wp\/v2\/media?parent=9145"}],"wp:term":[{"taxonomy":"product_brand","embeddable":true,"href":"https:\/\/non-stopshop.eu\/ro\/wp-json\/wp\/v2\/product_brand?post=9145"},{"taxonomy":"product_cat","embeddable":true,"href":"https:\/\/non-stopshop.eu\/ro\/wp-json\/wp\/v2\/product_cat?post=9145"},{"taxonomy":"product_tag","embeddable":true,"href":"https:\/\/non-stopshop.eu\/ro\/wp-json\/wp\/v2\/product_tag?post=9145"}],"curies":[{"name":"wp","href":"https:\/\/api.w.org\/{rel}","templated":true}]}}