{"id":9301,"date":"2023-03-10T11:54:26","date_gmt":"2023-03-10T10:54:26","guid":{"rendered":"https:\/\/non-stopshop.eu\/ro\/?post_type=product&#038;p=9301"},"modified":"2023-05-29T18:37:09","modified_gmt":"2023-05-29T16:37:09","slug":"dispozitiv-profesional-pentru-antrenarea-antebratului","status":"publish","type":"product","link":"https:\/\/non-stopshop.eu\/ro\/produs\/dispozitiv-profesional-pentru-antrenarea-antebratului\/","title":{"rendered":"Dispozitiv profesional pentru antrenarea antebra\u021bului"},"content":{"rendered":"","protected":false},"excerpt":{"rendered":"<p>Ob\u021bine\u021bi rezultate superioare \u00een \u00eembun\u0103t\u0103\u021birea for\u021bei, vasculariza\u021biei \u0219i vitezei \u00een articula\u021bii \u0219i degete.<\/p>\n","protected":false},"featured_media":9305,"comment_status":"closed","ping_status":"closed","template":"","meta":{"inline_featured_image":false},"product_brand":[],"product_cat":[15,28,26],"product_tag":[],"class_list":{"0":"post-9301","1":"product","2":"type-product","3":"status-publish","4":"has-post-thumbnail","6":"product_cat-uncategorized","7":"product_cat-beauty","8":"product_cat-health","10":"first","11":"instock","12":"sale","13":"taxable","14":"shipping-taxable","15":"purchasable","16":"product-type-simple"},"acf":[],"_links":{"self":[{"href":"https:\/\/non-stopshop.eu\/ro\/wp-json\/wp\/v2\/product\/9301","targetHints":{"allow":["GET"]}}],"collection":[{"href":"https:\/\/non-stopshop.eu\/ro\/wp-json\/wp\/v2\/product"}],"about":[{"href":"https:\/\/non-stopshop.eu\/ro\/wp-json\/wp\/v2\/types\/product"}],"replies":[{"embeddable":true,"href":"https:\/\/non-stopshop.eu\/ro\/wp-json\/wp\/v2\/comments?post=9301"}],"wp:featuredmedia":[{"embeddable":true,"href":"https:\/\/non-stopshop.eu\/ro\/wp-json\/wp\/v2\/media\/9305"}],"wp:attachment":[{"href":"https:\/\/non-stopshop.eu\/ro\/wp-json\/wp\/v2\/media?parent=9301"}],"wp:term":[{"taxonomy":"product_brand","embeddable":true,"href":"https:\/\/non-stopshop.eu\/ro\/wp-json\/wp\/v2\/product_brand?post=9301"},{"taxonomy":"product_cat","embeddable":true,"href":"https:\/\/non-stopshop.eu\/ro\/wp-json\/wp\/v2\/product_cat?post=9301"},{"taxonomy":"product_tag","embeddable":true,"href":"https:\/\/non-stopshop.eu\/ro\/wp-json\/wp\/v2\/product_tag?post=9301"}],"curies":[{"name":"wp","href":"https:\/\/api.w.org\/{rel}","templated":true}]}}