{"id":9889,"date":"2023-07-04T09:23:12","date_gmt":"2023-07-04T07:23:12","guid":{"rendered":"https:\/\/non-stopshop.eu\/ro\/?post_type=product&#038;p=9889"},"modified":"2023-10-05T10:24:06","modified_gmt":"2023-10-05T08:24:06","slug":"set-creativ-montessori-pentru-pictura-cu-buton-mozaic","status":"publish","type":"product","link":"https:\/\/non-stopshop.eu\/ro\/produs\/set-creativ-montessori-pentru-pictura-cu-buton-mozaic\/","title":{"rendered":"Set creativ Montessori pentru pictur\u0103 cu buton mozaic"},"content":{"rendered":"","protected":false},"excerpt":{"rendered":"<p>L\u0103sa\u021bi copiii s\u0103-\u0219i exprime creativitatea cu acest set fantastic de picturi neobi\u0219nuite. Tehnica special\u0103 de pictur\u0103 cu butoane mozaic va \u00eenc\u00e2nta fiecare copil!<\/p>\n","protected":false},"featured_media":9894,"comment_status":"closed","ping_status":"closed","template":"","meta":{"inline_featured_image":false},"product_brand":[],"product_cat":[15,35],"product_tag":[],"class_list":{"0":"post-9889","1":"product","2":"type-product","3":"status-publish","4":"has-post-thumbnail","6":"product_cat-uncategorized","7":"product_cat-fun","9":"first","10":"instock","11":"sale","12":"taxable","13":"shipping-taxable","14":"purchasable","15":"product-type-simple"},"acf":[],"_links":{"self":[{"href":"https:\/\/non-stopshop.eu\/ro\/wp-json\/wp\/v2\/product\/9889","targetHints":{"allow":["GET"]}}],"collection":[{"href":"https:\/\/non-stopshop.eu\/ro\/wp-json\/wp\/v2\/product"}],"about":[{"href":"https:\/\/non-stopshop.eu\/ro\/wp-json\/wp\/v2\/types\/product"}],"replies":[{"embeddable":true,"href":"https:\/\/non-stopshop.eu\/ro\/wp-json\/wp\/v2\/comments?post=9889"}],"wp:featuredmedia":[{"embeddable":true,"href":"https:\/\/non-stopshop.eu\/ro\/wp-json\/wp\/v2\/media\/9894"}],"wp:attachment":[{"href":"https:\/\/non-stopshop.eu\/ro\/wp-json\/wp\/v2\/media?parent=9889"}],"wp:term":[{"taxonomy":"product_brand","embeddable":true,"href":"https:\/\/non-stopshop.eu\/ro\/wp-json\/wp\/v2\/product_brand?post=9889"},{"taxonomy":"product_cat","embeddable":true,"href":"https:\/\/non-stopshop.eu\/ro\/wp-json\/wp\/v2\/product_cat?post=9889"},{"taxonomy":"product_tag","embeddable":true,"href":"https:\/\/non-stopshop.eu\/ro\/wp-json\/wp\/v2\/product_tag?post=9889"}],"curies":[{"name":"wp","href":"https:\/\/api.w.org\/{rel}","templated":true}]}}