{"id":1490,"date":"2021-01-03T13:21:06","date_gmt":"2021-01-03T12:21:06","guid":{"rendered":"https:\/\/shopium.eu\/rs\/?post_type=product&#038;p=1490"},"modified":"2021-01-05T13:48:39","modified_gmt":"2021-01-05T12:48:39","slug":"dancingmat","status":"publish","type":"product","link":"https:\/\/non-stopshop.eu\/rs\/proizvod\/dancingmat\/","title":{"rendered":"Podloga za ples &#8211; DancingMat"},"content":{"rendered":"","protected":false},"excerpt":{"rendered":"<ul>\n<li>Ova pametna podloga za ples pomi\u010de granice zabave na jedan sasvim novi, vi\u0161i i zabavniji nivo. Neka cijela porodica zaple\u0161e uz ovu interaktivnu podlogu za ples.<\/li>\n<li>Interaktivna podloga se pomo\u0107u USB kabla lako pove\u017ee sa laptopom, ra\u010dunarom ili televizorom i igra plesa mo\u017ee da zapo\u010dne.<\/li>\n<\/ul>\n","protected":false},"featured_media":1493,"comment_status":"closed","ping_status":"closed","template":"","meta":{"inline_featured_image":false},"product_brand":[],"product_cat":[15],"product_tag":[],"class_list":{"0":"post-1490","1":"product","2":"type-product","3":"status-publish","4":"has-post-thumbnail","6":"product_cat-uncategorized","8":"first","9":"instock","10":"sale","11":"taxable","12":"shipping-taxable","13":"purchasable","14":"product-type-simple"},"acf":[],"_links":{"self":[{"href":"https:\/\/non-stopshop.eu\/rs\/wp-json\/wp\/v2\/product\/1490","targetHints":{"allow":["GET"]}}],"collection":[{"href":"https:\/\/non-stopshop.eu\/rs\/wp-json\/wp\/v2\/product"}],"about":[{"href":"https:\/\/non-stopshop.eu\/rs\/wp-json\/wp\/v2\/types\/product"}],"replies":[{"embeddable":true,"href":"https:\/\/non-stopshop.eu\/rs\/wp-json\/wp\/v2\/comments?post=1490"}],"wp:featuredmedia":[{"embeddable":true,"href":"https:\/\/non-stopshop.eu\/rs\/wp-json\/wp\/v2\/media\/1493"}],"wp:attachment":[{"href":"https:\/\/non-stopshop.eu\/rs\/wp-json\/wp\/v2\/media?parent=1490"}],"wp:term":[{"taxonomy":"product_brand","embeddable":true,"href":"https:\/\/non-stopshop.eu\/rs\/wp-json\/wp\/v2\/product_brand?post=1490"},{"taxonomy":"product_cat","embeddable":true,"href":"https:\/\/non-stopshop.eu\/rs\/wp-json\/wp\/v2\/product_cat?post=1490"},{"taxonomy":"product_tag","embeddable":true,"href":"https:\/\/non-stopshop.eu\/rs\/wp-json\/wp\/v2\/product_tag?post=1490"}],"curies":[{"name":"wp","href":"https:\/\/api.w.org\/{rel}","templated":true}]}}