{"id":15185,"date":"2021-10-15T14:25:09","date_gmt":"2021-10-15T12:25:09","guid":{"rendered":"https:\/\/cartium.eu\/rs\/?post_type=product&#038;p=15185"},"modified":"2023-07-03T13:39:41","modified_gmt":"2023-07-03T11:39:41","slug":"11-gratis-silikonska-cetka-za-wc-scrubbrush","status":"publish","type":"product","link":"https:\/\/non-stopshop.eu\/rs\/proizvod\/11-gratis-silikonska-cetka-za-wc-scrubbrush\/","title":{"rendered":"1+1 GRATIS Silikonska \u010detka za wc &#8211; ScrubBrush"},"content":{"rendered":"","protected":false},"excerpt":{"rendered":"<p>Efikasno i brzo \u010di\u0161\u0107enje va\u0161e wc \u0161koljke sa inovativnom silikonskom \u010detkom sa kojom \u0107ete da zaboravite stare i neugledne \u010detke i omogu\u0107iti si \u010disto\u0107u na zavidnom nivou.<\/p>\n","protected":false},"featured_media":15193,"comment_status":"closed","ping_status":"closed","template":"","meta":{"inline_featured_image":false},"product_brand":[],"product_cat":[15,27],"product_tag":[],"class_list":{"0":"post-15185","1":"product","2":"type-product","3":"status-publish","4":"has-post-thumbnail","6":"product_cat-uncategorized","7":"product_cat-home","9":"first","10":"instock","11":"sale","12":"taxable","13":"shipping-taxable","14":"purchasable","15":"product-type-simple"},"acf":[],"_links":{"self":[{"href":"https:\/\/non-stopshop.eu\/rs\/wp-json\/wp\/v2\/product\/15185","targetHints":{"allow":["GET"]}}],"collection":[{"href":"https:\/\/non-stopshop.eu\/rs\/wp-json\/wp\/v2\/product"}],"about":[{"href":"https:\/\/non-stopshop.eu\/rs\/wp-json\/wp\/v2\/types\/product"}],"replies":[{"embeddable":true,"href":"https:\/\/non-stopshop.eu\/rs\/wp-json\/wp\/v2\/comments?post=15185"}],"wp:featuredmedia":[{"embeddable":true,"href":"https:\/\/non-stopshop.eu\/rs\/wp-json\/wp\/v2\/media\/15193"}],"wp:attachment":[{"href":"https:\/\/non-stopshop.eu\/rs\/wp-json\/wp\/v2\/media?parent=15185"}],"wp:term":[{"taxonomy":"product_brand","embeddable":true,"href":"https:\/\/non-stopshop.eu\/rs\/wp-json\/wp\/v2\/product_brand?post=15185"},{"taxonomy":"product_cat","embeddable":true,"href":"https:\/\/non-stopshop.eu\/rs\/wp-json\/wp\/v2\/product_cat?post=15185"},{"taxonomy":"product_tag","embeddable":true,"href":"https:\/\/non-stopshop.eu\/rs\/wp-json\/wp\/v2\/product_tag?post=15185"}],"curies":[{"name":"wp","href":"https:\/\/api.w.org\/{rel}","templated":true}]}}