{"id":15311,"date":"2021-12-09T11:39:57","date_gmt":"2021-12-09T10:39:57","guid":{"rendered":"https:\/\/non-stopshop.eu\/rs\/?post_type=product&#038;p=15311"},"modified":"2023-12-10T18:54:31","modified_gmt":"2023-12-10T17:54:31","slug":"ukrasni-penjuci-deda-mraz-santas","status":"publish","type":"product","link":"https:\/\/non-stopshop.eu\/rs\/proizvod\/ukrasni-penjuci-deda-mraz-santas\/","title":{"rendered":"Ukrasni penju\u0107i Deda Mraz &#8211; Santas"},"content":{"rendered":"","protected":false},"excerpt":{"rendered":"<p>Bli\u017ei nam se vreme praznika, upotpunite svoju kolekciju savr\u0161enih novogodi\u0161njih dekoracija sa ovom inovativnom i super COOL vizuelnom i zvu\u010dnom Deda Mraz dekoracijom i obradujte svoje najmla\u0111e.<\/p>\n","protected":false},"featured_media":15355,"comment_status":"closed","ping_status":"closed","template":"","meta":{"inline_featured_image":false},"product_brand":[],"product_cat":[15,27,36],"product_tag":[],"class_list":{"0":"post-15311","1":"product","2":"type-product","3":"status-publish","4":"has-post-thumbnail","6":"product_cat-uncategorized","7":"product_cat-home","8":"product_cat-seasonal-discounts","10":"first","11":"instock","12":"sale","13":"taxable","14":"shipping-taxable","15":"purchasable","16":"product-type-simple"},"acf":[],"_links":{"self":[{"href":"https:\/\/non-stopshop.eu\/rs\/wp-json\/wp\/v2\/product\/15311","targetHints":{"allow":["GET"]}}],"collection":[{"href":"https:\/\/non-stopshop.eu\/rs\/wp-json\/wp\/v2\/product"}],"about":[{"href":"https:\/\/non-stopshop.eu\/rs\/wp-json\/wp\/v2\/types\/product"}],"replies":[{"embeddable":true,"href":"https:\/\/non-stopshop.eu\/rs\/wp-json\/wp\/v2\/comments?post=15311"}],"wp:featuredmedia":[{"embeddable":true,"href":"https:\/\/non-stopshop.eu\/rs\/wp-json\/wp\/v2\/media\/15355"}],"wp:attachment":[{"href":"https:\/\/non-stopshop.eu\/rs\/wp-json\/wp\/v2\/media?parent=15311"}],"wp:term":[{"taxonomy":"product_brand","embeddable":true,"href":"https:\/\/non-stopshop.eu\/rs\/wp-json\/wp\/v2\/product_brand?post=15311"},{"taxonomy":"product_cat","embeddable":true,"href":"https:\/\/non-stopshop.eu\/rs\/wp-json\/wp\/v2\/product_cat?post=15311"},{"taxonomy":"product_tag","embeddable":true,"href":"https:\/\/non-stopshop.eu\/rs\/wp-json\/wp\/v2\/product_tag?post=15311"}],"curies":[{"name":"wp","href":"https:\/\/api.w.org\/{rel}","templated":true}]}}