{"id":15336,"date":"2021-12-09T12:25:03","date_gmt":"2021-12-09T11:25:03","guid":{"rendered":"https:\/\/non-stopshop.eu\/rs\/?post_type=product&#038;p=15336"},"modified":"2023-11-11T14:47:55","modified_gmt":"2023-11-11T13:47:55","slug":"elektricni-aparat-za-brijanje-haires","status":"publish","type":"product","link":"https:\/\/non-stopshop.eu\/rs\/proizvod\/elektricni-aparat-za-brijanje-haires\/","title":{"rendered":"Elektri\u010dni aparat za \u0161i\u0161anje i brijanje"},"content":{"rendered":"","protected":false},"excerpt":{"rendered":"<p>Najbolji elektri\u010dni brija\u010d namenjen mu\u0161karcima koji \u0107ete prona\u0107i na tr\u017ei\u0161tu. Odlikuju ga visokokvalitetne kerami\u010dke o\u0161trice za precizno brijanje bez obzira na smer, ergonomski dizajnirana ru\u010dka i mogu\u0107nost prakti\u010dnog punjenja USB kablom.<\/p>\n","protected":false},"featured_media":15337,"comment_status":"closed","ping_status":"closed","template":"","meta":{"inline_featured_image":false},"product_brand":[],"product_cat":[15,28,36],"product_tag":[],"class_list":{"0":"post-15336","1":"product","2":"type-product","3":"status-publish","4":"has-post-thumbnail","6":"product_cat-uncategorized","7":"product_cat-beauty","8":"product_cat-seasonal-discounts","10":"first","11":"instock","12":"sale","13":"taxable","14":"shipping-taxable","15":"purchasable","16":"product-type-simple"},"acf":[],"_links":{"self":[{"href":"https:\/\/non-stopshop.eu\/rs\/wp-json\/wp\/v2\/product\/15336","targetHints":{"allow":["GET"]}}],"collection":[{"href":"https:\/\/non-stopshop.eu\/rs\/wp-json\/wp\/v2\/product"}],"about":[{"href":"https:\/\/non-stopshop.eu\/rs\/wp-json\/wp\/v2\/types\/product"}],"replies":[{"embeddable":true,"href":"https:\/\/non-stopshop.eu\/rs\/wp-json\/wp\/v2\/comments?post=15336"}],"wp:featuredmedia":[{"embeddable":true,"href":"https:\/\/non-stopshop.eu\/rs\/wp-json\/wp\/v2\/media\/15337"}],"wp:attachment":[{"href":"https:\/\/non-stopshop.eu\/rs\/wp-json\/wp\/v2\/media?parent=15336"}],"wp:term":[{"taxonomy":"product_brand","embeddable":true,"href":"https:\/\/non-stopshop.eu\/rs\/wp-json\/wp\/v2\/product_brand?post=15336"},{"taxonomy":"product_cat","embeddable":true,"href":"https:\/\/non-stopshop.eu\/rs\/wp-json\/wp\/v2\/product_cat?post=15336"},{"taxonomy":"product_tag","embeddable":true,"href":"https:\/\/non-stopshop.eu\/rs\/wp-json\/wp\/v2\/product_tag?post=15336"}],"curies":[{"name":"wp","href":"https:\/\/api.w.org\/{rel}","templated":true}]}}