{"id":16473,"date":"2022-02-21T13:46:05","date_gmt":"2022-02-21T12:46:05","guid":{"rendered":"https:\/\/non-stopshop.eu\/rs\/?post_type=product&#038;p=16473"},"modified":"2022-03-12T11:57:02","modified_gmt":"2022-03-12T10:57:02","slug":"magicni-vodeni-markeri","status":"publish","type":"product","link":"https:\/\/non-stopshop.eu\/rs\/proizvod\/magicni-vodeni-markeri\/","title":{"rendered":"Magi\u010dni vodeni markeri (4 boje u kompletu)"},"content":{"rendered":"","protected":false},"excerpt":{"rendered":"<p>O\u017eivite crte\u017ee va\u0161in najmla\u0111ih uz pomo\u0107 ovog magi\u010dnog vodenog markera!<\/p>\n","protected":false},"featured_media":17131,"comment_status":"closed","ping_status":"closed","template":"","meta":{"inline_featured_image":false},"product_brand":[],"product_cat":[15],"product_tag":[],"class_list":{"0":"post-16473","1":"product","2":"type-product","3":"status-publish","4":"has-post-thumbnail","6":"product_cat-uncategorized","8":"first","9":"instock","10":"sale","11":"taxable","12":"shipping-taxable","13":"purchasable","14":"product-type-simple"},"acf":[],"_links":{"self":[{"href":"https:\/\/non-stopshop.eu\/rs\/wp-json\/wp\/v2\/product\/16473","targetHints":{"allow":["GET"]}}],"collection":[{"href":"https:\/\/non-stopshop.eu\/rs\/wp-json\/wp\/v2\/product"}],"about":[{"href":"https:\/\/non-stopshop.eu\/rs\/wp-json\/wp\/v2\/types\/product"}],"replies":[{"embeddable":true,"href":"https:\/\/non-stopshop.eu\/rs\/wp-json\/wp\/v2\/comments?post=16473"}],"wp:featuredmedia":[{"embeddable":true,"href":"https:\/\/non-stopshop.eu\/rs\/wp-json\/wp\/v2\/media\/17131"}],"wp:attachment":[{"href":"https:\/\/non-stopshop.eu\/rs\/wp-json\/wp\/v2\/media?parent=16473"}],"wp:term":[{"taxonomy":"product_brand","embeddable":true,"href":"https:\/\/non-stopshop.eu\/rs\/wp-json\/wp\/v2\/product_brand?post=16473"},{"taxonomy":"product_cat","embeddable":true,"href":"https:\/\/non-stopshop.eu\/rs\/wp-json\/wp\/v2\/product_cat?post=16473"},{"taxonomy":"product_tag","embeddable":true,"href":"https:\/\/non-stopshop.eu\/rs\/wp-json\/wp\/v2\/product_tag?post=16473"}],"curies":[{"name":"wp","href":"https:\/\/api.w.org\/{rel}","templated":true}]}}