{"id":17388,"date":"2022-03-31T16:45:56","date_gmt":"2022-03-31T14:45:56","guid":{"rendered":"https:\/\/non-stopshop.eu\/rs\/?post_type=product&#038;p=17388"},"modified":"2023-12-14T10:32:12","modified_gmt":"2023-12-14T09:32:12","slug":"montesori-tiha-knjiga-za-decu","status":"publish","type":"product","link":"https:\/\/non-stopshop.eu\/rs\/proizvod\/montesori-tiha-knjiga-za-decu\/","title":{"rendered":"Montesori tiha knjiga za decu"},"content":{"rendered":"<p>Knjiga je idealna za duga putovanja automobilom ili avionom za malu decu da im dr\u017ei pa\u017enju i da im vo\u017enja brzo pro\u0111e!<\/p>\n","protected":false},"excerpt":{"rendered":"<p>Knjiga po montesori metodama za razvoj dece , njihovih ve\u0161tina, \u010dula i ma\u0161te odu\u0161evi\u0107e svako dete i olak\u0161ati im u\u010denje kroz igru.<\/p>\n","protected":false},"featured_media":17391,"comment_status":"closed","ping_status":"closed","template":"","meta":{"inline_featured_image":false},"product_brand":[],"product_cat":[15,35],"product_tag":[],"class_list":{"0":"post-17388","1":"product","2":"type-product","3":"status-publish","4":"has-post-thumbnail","6":"product_cat-uncategorized","7":"product_cat-fun","9":"first","10":"instock","11":"sale","12":"taxable","13":"shipping-taxable","14":"purchasable","15":"product-type-variable"},"acf":[],"_links":{"self":[{"href":"https:\/\/non-stopshop.eu\/rs\/wp-json\/wp\/v2\/product\/17388","targetHints":{"allow":["GET"]}}],"collection":[{"href":"https:\/\/non-stopshop.eu\/rs\/wp-json\/wp\/v2\/product"}],"about":[{"href":"https:\/\/non-stopshop.eu\/rs\/wp-json\/wp\/v2\/types\/product"}],"replies":[{"embeddable":true,"href":"https:\/\/non-stopshop.eu\/rs\/wp-json\/wp\/v2\/comments?post=17388"}],"wp:featuredmedia":[{"embeddable":true,"href":"https:\/\/non-stopshop.eu\/rs\/wp-json\/wp\/v2\/media\/17391"}],"wp:attachment":[{"href":"https:\/\/non-stopshop.eu\/rs\/wp-json\/wp\/v2\/media?parent=17388"}],"wp:term":[{"taxonomy":"product_brand","embeddable":true,"href":"https:\/\/non-stopshop.eu\/rs\/wp-json\/wp\/v2\/product_brand?post=17388"},{"taxonomy":"product_cat","embeddable":true,"href":"https:\/\/non-stopshop.eu\/rs\/wp-json\/wp\/v2\/product_cat?post=17388"},{"taxonomy":"product_tag","embeddable":true,"href":"https:\/\/non-stopshop.eu\/rs\/wp-json\/wp\/v2\/product_tag?post=17388"}],"curies":[{"name":"wp","href":"https:\/\/api.w.org\/{rel}","templated":true}]}}