{"id":1755,"date":"2021-01-04T14:37:54","date_gmt":"2021-01-04T13:37:54","guid":{"rendered":"https:\/\/shopium.eu\/rs\/?post_type=product&#038;p=1755"},"modified":"2021-01-27T10:51:14","modified_gmt":"2021-01-27T09:51:14","slug":"muffler","status":"publish","type":"product","link":"https:\/\/non-stopshop.eu\/rs\/proizvod\/muffler\/","title":{"rendered":"LED prigu\u0161iva\u010d za auspuhe &#8211; Muffler"},"content":{"rendered":"","protected":false},"excerpt":{"rendered":"<p>Ovaj sjajan prigu\u0161iva\u010d za auspuhe koji \u0107ete veoma lako instalirati, ne samo da ima izuzetan vizuelni efekat, ve\u0107 i za\u0161titnu ulogu.<\/p>\n","protected":false},"featured_media":2248,"comment_status":"closed","ping_status":"closed","template":"","meta":{"inline_featured_image":false},"product_brand":[],"product_cat":[15],"product_tag":[],"class_list":{"0":"post-1755","1":"product","2":"type-product","3":"status-publish","4":"has-post-thumbnail","6":"product_cat-uncategorized","8":"first","9":"instock","10":"sale","11":"taxable","12":"shipping-taxable","13":"purchasable","14":"product-type-simple"},"acf":[],"_links":{"self":[{"href":"https:\/\/non-stopshop.eu\/rs\/wp-json\/wp\/v2\/product\/1755","targetHints":{"allow":["GET"]}}],"collection":[{"href":"https:\/\/non-stopshop.eu\/rs\/wp-json\/wp\/v2\/product"}],"about":[{"href":"https:\/\/non-stopshop.eu\/rs\/wp-json\/wp\/v2\/types\/product"}],"replies":[{"embeddable":true,"href":"https:\/\/non-stopshop.eu\/rs\/wp-json\/wp\/v2\/comments?post=1755"}],"wp:featuredmedia":[{"embeddable":true,"href":"https:\/\/non-stopshop.eu\/rs\/wp-json\/wp\/v2\/media\/2248"}],"wp:attachment":[{"href":"https:\/\/non-stopshop.eu\/rs\/wp-json\/wp\/v2\/media?parent=1755"}],"wp:term":[{"taxonomy":"product_brand","embeddable":true,"href":"https:\/\/non-stopshop.eu\/rs\/wp-json\/wp\/v2\/product_brand?post=1755"},{"taxonomy":"product_cat","embeddable":true,"href":"https:\/\/non-stopshop.eu\/rs\/wp-json\/wp\/v2\/product_cat?post=1755"},{"taxonomy":"product_tag","embeddable":true,"href":"https:\/\/non-stopshop.eu\/rs\/wp-json\/wp\/v2\/product_tag?post=1755"}],"curies":[{"name":"wp","href":"https:\/\/api.w.org\/{rel}","templated":true}]}}