{"id":17644,"date":"2022-04-21T15:22:00","date_gmt":"2022-04-21T13:22:00","guid":{"rendered":"https:\/\/non-stopshop.eu\/rs\/?post_type=product&#038;p=17644"},"modified":"2023-07-03T13:02:45","modified_gmt":"2023-07-03T11:02:45","slug":"rucni-komplet-za-popravak-namestaja-2","status":"publish","type":"product","link":"https:\/\/non-stopshop.eu\/rs\/proizvod\/rucni-komplet-za-popravak-namestaja-2\/","title":{"rendered":"Ru\u010dni komplet za popravak name\u0161taja"},"content":{"rendered":"<p>Popravite manje ogrebotine na svim vrstama podova ili drugog name\u0161taja i drvenih povr\u0161ina . Idealan za parkete, laminate, radne plo\u010de ili name\u0161taj i drvenu gra\u0111u.<\/p>\n","protected":false},"excerpt":{"rendered":"<div class=\"woocommerce-product-details__short-description\">\n<p>Popravite manje ogrebotine na svim vrstama podova ili drugog name\u0161taja i drvenih povr\u0161ina . Idealan za parkete, laminate, radne plo\u010de ili name\u0161taj i drvenu gra\u0111u.<\/p>\n<\/div>\n","protected":false},"featured_media":17645,"comment_status":"closed","ping_status":"closed","template":"","meta":{"inline_featured_image":false},"product_brand":[],"product_cat":[15,27],"product_tag":[],"class_list":{"0":"post-17644","1":"product","2":"type-product","3":"status-publish","4":"has-post-thumbnail","6":"product_cat-uncategorized","7":"product_cat-home","9":"first","10":"instock","11":"sale","12":"taxable","13":"shipping-taxable","14":"purchasable","15":"product-type-simple"},"acf":[],"_links":{"self":[{"href":"https:\/\/non-stopshop.eu\/rs\/wp-json\/wp\/v2\/product\/17644","targetHints":{"allow":["GET"]}}],"collection":[{"href":"https:\/\/non-stopshop.eu\/rs\/wp-json\/wp\/v2\/product"}],"about":[{"href":"https:\/\/non-stopshop.eu\/rs\/wp-json\/wp\/v2\/types\/product"}],"replies":[{"embeddable":true,"href":"https:\/\/non-stopshop.eu\/rs\/wp-json\/wp\/v2\/comments?post=17644"}],"wp:featuredmedia":[{"embeddable":true,"href":"https:\/\/non-stopshop.eu\/rs\/wp-json\/wp\/v2\/media\/17645"}],"wp:attachment":[{"href":"https:\/\/non-stopshop.eu\/rs\/wp-json\/wp\/v2\/media?parent=17644"}],"wp:term":[{"taxonomy":"product_brand","embeddable":true,"href":"https:\/\/non-stopshop.eu\/rs\/wp-json\/wp\/v2\/product_brand?post=17644"},{"taxonomy":"product_cat","embeddable":true,"href":"https:\/\/non-stopshop.eu\/rs\/wp-json\/wp\/v2\/product_cat?post=17644"},{"taxonomy":"product_tag","embeddable":true,"href":"https:\/\/non-stopshop.eu\/rs\/wp-json\/wp\/v2\/product_tag?post=17644"}],"curies":[{"name":"wp","href":"https:\/\/api.w.org\/{rel}","templated":true}]}}