{"id":18071,"date":"2022-05-23T11:39:11","date_gmt":"2022-05-23T09:39:11","guid":{"rendered":"https:\/\/non-stopshop.eu\/rs\/?post_type=product&#038;p=18071"},"modified":"2023-07-03T13:00:30","modified_gmt":"2023-07-03T11:00:30","slug":"rolo-zastita-od-sunca-za-automobile-i-prozore","status":"publish","type":"product","link":"https:\/\/non-stopshop.eu\/rs\/proizvod\/rolo-zastita-od-sunca-za-automobile-i-prozore\/","title":{"rendered":"Rolo za\u0161tita od sunca za automobile i prozore"},"content":{"rendered":"","protected":false},"excerpt":{"rendered":"<p>Smanjite UV zrake i sun\u010devu svetlost u svom automobilu i u\u010dinite vo\u017enju ugodnijom. Iskoristite ovu za\u0161titu za sve prostorije gde je to potrebno!<\/p>\n","protected":false},"featured_media":18080,"comment_status":"closed","ping_status":"closed","template":"","meta":{"inline_featured_image":false},"product_brand":[],"product_cat":[15],"product_tag":[],"class_list":{"0":"post-18071","1":"product","2":"type-product","3":"status-publish","4":"has-post-thumbnail","6":"product_cat-uncategorized","8":"first","9":"instock","10":"sale","11":"taxable","12":"shipping-taxable","13":"purchasable","14":"product-type-simple"},"acf":[],"_links":{"self":[{"href":"https:\/\/non-stopshop.eu\/rs\/wp-json\/wp\/v2\/product\/18071","targetHints":{"allow":["GET"]}}],"collection":[{"href":"https:\/\/non-stopshop.eu\/rs\/wp-json\/wp\/v2\/product"}],"about":[{"href":"https:\/\/non-stopshop.eu\/rs\/wp-json\/wp\/v2\/types\/product"}],"replies":[{"embeddable":true,"href":"https:\/\/non-stopshop.eu\/rs\/wp-json\/wp\/v2\/comments?post=18071"}],"wp:featuredmedia":[{"embeddable":true,"href":"https:\/\/non-stopshop.eu\/rs\/wp-json\/wp\/v2\/media\/18080"}],"wp:attachment":[{"href":"https:\/\/non-stopshop.eu\/rs\/wp-json\/wp\/v2\/media?parent=18071"}],"wp:term":[{"taxonomy":"product_brand","embeddable":true,"href":"https:\/\/non-stopshop.eu\/rs\/wp-json\/wp\/v2\/product_brand?post=18071"},{"taxonomy":"product_cat","embeddable":true,"href":"https:\/\/non-stopshop.eu\/rs\/wp-json\/wp\/v2\/product_cat?post=18071"},{"taxonomy":"product_tag","embeddable":true,"href":"https:\/\/non-stopshop.eu\/rs\/wp-json\/wp\/v2\/product_tag?post=18071"}],"curies":[{"name":"wp","href":"https:\/\/api.w.org\/{rel}","templated":true}]}}