{"id":18113,"date":"2022-05-23T15:12:16","date_gmt":"2022-05-23T13:12:16","guid":{"rendered":"https:\/\/non-stopshop.eu\/rs\/?post_type=product&#038;p=18113"},"modified":"2023-07-03T13:00:17","modified_gmt":"2023-07-03T11:00:17","slug":"visenamenski-instant-lepak","status":"publish","type":"product","link":"https:\/\/non-stopshop.eu\/rs\/proizvod\/visenamenski-instant-lepak\/","title":{"rendered":"Vi\u0161enamenski instant lepak"},"content":{"rendered":"","protected":false},"excerpt":{"rendered":"<p>Vodootporno vi\u0161enamensko instant lepilo koji \u0107e vam u trenutku omogu\u0107iti popravku raznih te\u0161ko prijanjaju\u0107ih povr\u0161ina. Potpuno univerzlano sa efektom stvaranja nevidljive i fleksibilne mase za razli\u010dite vrste materijala.<\/p>\n","protected":false},"featured_media":18114,"comment_status":"closed","ping_status":"closed","template":"","meta":{"inline_featured_image":false},"product_brand":[],"product_cat":[15],"product_tag":[],"class_list":{"0":"post-18113","1":"product","2":"type-product","3":"status-publish","4":"has-post-thumbnail","6":"product_cat-uncategorized","8":"first","9":"instock","10":"sale","11":"taxable","12":"shipping-taxable","13":"purchasable","14":"product-type-simple"},"acf":[],"_links":{"self":[{"href":"https:\/\/non-stopshop.eu\/rs\/wp-json\/wp\/v2\/product\/18113","targetHints":{"allow":["GET"]}}],"collection":[{"href":"https:\/\/non-stopshop.eu\/rs\/wp-json\/wp\/v2\/product"}],"about":[{"href":"https:\/\/non-stopshop.eu\/rs\/wp-json\/wp\/v2\/types\/product"}],"replies":[{"embeddable":true,"href":"https:\/\/non-stopshop.eu\/rs\/wp-json\/wp\/v2\/comments?post=18113"}],"wp:featuredmedia":[{"embeddable":true,"href":"https:\/\/non-stopshop.eu\/rs\/wp-json\/wp\/v2\/media\/18114"}],"wp:attachment":[{"href":"https:\/\/non-stopshop.eu\/rs\/wp-json\/wp\/v2\/media?parent=18113"}],"wp:term":[{"taxonomy":"product_brand","embeddable":true,"href":"https:\/\/non-stopshop.eu\/rs\/wp-json\/wp\/v2\/product_brand?post=18113"},{"taxonomy":"product_cat","embeddable":true,"href":"https:\/\/non-stopshop.eu\/rs\/wp-json\/wp\/v2\/product_cat?post=18113"},{"taxonomy":"product_tag","embeddable":true,"href":"https:\/\/non-stopshop.eu\/rs\/wp-json\/wp\/v2\/product_tag?post=18113"}],"curies":[{"name":"wp","href":"https:\/\/api.w.org\/{rel}","templated":true}]}}