{"id":18340,"date":"2019-05-31T09:22:27","date_gmt":"2019-05-31T07:22:27","guid":{"rendered":"https:\/\/non-stopshop.eu\/rs\/?post_type=product&#038;p=18340"},"modified":"2022-06-09T21:30:42","modified_gmt":"2022-06-09T19:30:42","slug":"5-komada-set-mamaca-za-pecanje","status":"publish","type":"product","link":"https:\/\/non-stopshop.eu\/rs\/proizvod\/5-komada-set-mamaca-za-pecanje\/","title":{"rendered":"5 komada &#8211; set mamaca za pecanje"},"content":{"rendered":"","protected":false},"excerpt":{"rendered":"<p>Dizajn mamca je osmi\u0161ljen da ima realisti\u010dan izgled i performanse plivanja kao pravi mamac. Ribe svih veli\u010dina brzo \u0107e ih napasti!<\/p>\n","protected":false},"featured_media":18341,"comment_status":"closed","ping_status":"closed","template":"","meta":{"inline_featured_image":false},"product_brand":[],"product_cat":[15],"product_tag":[],"class_list":{"0":"post-18340","1":"product","2":"type-product","3":"status-publish","4":"has-post-thumbnail","6":"product_cat-uncategorized","8":"first","9":"instock","10":"sale","11":"taxable","12":"shipping-taxable","13":"purchasable","14":"product-type-simple"},"acf":[],"_links":{"self":[{"href":"https:\/\/non-stopshop.eu\/rs\/wp-json\/wp\/v2\/product\/18340","targetHints":{"allow":["GET"]}}],"collection":[{"href":"https:\/\/non-stopshop.eu\/rs\/wp-json\/wp\/v2\/product"}],"about":[{"href":"https:\/\/non-stopshop.eu\/rs\/wp-json\/wp\/v2\/types\/product"}],"replies":[{"embeddable":true,"href":"https:\/\/non-stopshop.eu\/rs\/wp-json\/wp\/v2\/comments?post=18340"}],"wp:featuredmedia":[{"embeddable":true,"href":"https:\/\/non-stopshop.eu\/rs\/wp-json\/wp\/v2\/media\/18341"}],"wp:attachment":[{"href":"https:\/\/non-stopshop.eu\/rs\/wp-json\/wp\/v2\/media?parent=18340"}],"wp:term":[{"taxonomy":"product_brand","embeddable":true,"href":"https:\/\/non-stopshop.eu\/rs\/wp-json\/wp\/v2\/product_brand?post=18340"},{"taxonomy":"product_cat","embeddable":true,"href":"https:\/\/non-stopshop.eu\/rs\/wp-json\/wp\/v2\/product_cat?post=18340"},{"taxonomy":"product_tag","embeddable":true,"href":"https:\/\/non-stopshop.eu\/rs\/wp-json\/wp\/v2\/product_tag?post=18340"}],"curies":[{"name":"wp","href":"https:\/\/api.w.org\/{rel}","templated":true}]}}