{"id":1851,"date":"2021-01-05T08:52:02","date_gmt":"2021-01-05T07:52:02","guid":{"rendered":"https:\/\/shopium.eu\/rs\/?post_type=product&#038;p=1851"},"modified":"2021-01-11T10:23:47","modified_gmt":"2021-01-11T09:23:47","slug":"emoji","status":"publish","type":"product","link":"https:\/\/non-stopshop.eu\/rs\/proizvod\/emoji\/","title":{"rendered":"Ure\u0111aj za prikaz emotikona na staklu automobila &#8211; Emoji"},"content":{"rendered":"","protected":false},"excerpt":{"rendered":"<ul>\n<li>Emojipic je sme\u0161an i pametan, digitalni ure\u0111aj za prikaz emotikona koji se pri\u010dvrsti na zadnje staklo va\u0161eg automobila, ili na bilo koje drugo staklo po va\u0161oj \u017eelji.<\/li>\n<li>Uz pomo\u0107 ovog ure\u0111aja koji je integrisan Apple i Google emotikonima i gifovima, mo\u017eete prikazati 1500 razli\u010ditih emocija (gifova) na 3d digitalnom displeju.<\/li>\n<li>I ne samo to, u mogu\u0107nosti ste da kreirate sopstveni emotikon, gif, smajli ili tekst.<\/li>\n<li>Ovaj pametni ure\u0111aj se jednostavno putem bluetootha povezuje sa bilo kojim ios ili android ure\u0111ajem (radi i s Siri asistentom).<\/li>\n<\/ul>\n","protected":false},"featured_media":2288,"comment_status":"closed","ping_status":"closed","template":"","meta":{"inline_featured_image":false},"product_brand":[],"product_cat":[15],"product_tag":[],"class_list":{"0":"post-1851","1":"product","2":"type-product","3":"status-publish","4":"has-post-thumbnail","6":"product_cat-uncategorized","8":"first","9":"instock","10":"sale","11":"taxable","12":"shipping-taxable","13":"purchasable","14":"product-type-simple"},"acf":[],"_links":{"self":[{"href":"https:\/\/non-stopshop.eu\/rs\/wp-json\/wp\/v2\/product\/1851","targetHints":{"allow":["GET"]}}],"collection":[{"href":"https:\/\/non-stopshop.eu\/rs\/wp-json\/wp\/v2\/product"}],"about":[{"href":"https:\/\/non-stopshop.eu\/rs\/wp-json\/wp\/v2\/types\/product"}],"replies":[{"embeddable":true,"href":"https:\/\/non-stopshop.eu\/rs\/wp-json\/wp\/v2\/comments?post=1851"}],"wp:featuredmedia":[{"embeddable":true,"href":"https:\/\/non-stopshop.eu\/rs\/wp-json\/wp\/v2\/media\/2288"}],"wp:attachment":[{"href":"https:\/\/non-stopshop.eu\/rs\/wp-json\/wp\/v2\/media?parent=1851"}],"wp:term":[{"taxonomy":"product_brand","embeddable":true,"href":"https:\/\/non-stopshop.eu\/rs\/wp-json\/wp\/v2\/product_brand?post=1851"},{"taxonomy":"product_cat","embeddable":true,"href":"https:\/\/non-stopshop.eu\/rs\/wp-json\/wp\/v2\/product_cat?post=1851"},{"taxonomy":"product_tag","embeddable":true,"href":"https:\/\/non-stopshop.eu\/rs\/wp-json\/wp\/v2\/product_tag?post=1851"}],"curies":[{"name":"wp","href":"https:\/\/api.w.org\/{rel}","templated":true}]}}