{"id":18965,"date":"2022-06-13T14:08:36","date_gmt":"2022-06-13T12:08:36","guid":{"rendered":"https:\/\/non-stopshop.eu\/rs\/?post_type=product&#038;p=18965"},"modified":"2023-07-03T12:51:40","modified_gmt":"2023-07-03T10:51:40","slug":"tecnost-za-izbeljivanje-zuba","status":"publish","type":"product","link":"https:\/\/non-stopshop.eu\/rs\/proizvod\/tecnost-za-izbeljivanje-zuba\/","title":{"rendered":"Te\u010dnost za izbeljivanje zuba"},"content":{"rendered":"","protected":false},"excerpt":{"rendered":"<p>Neutrali\u0161ite ru\u017enu \u017eutu boju sa va\u0161ih zuba. U jako kratkom vremenu neka va\u0161i zubi zablistaju i postanu biserno beli.<\/p>\n","protected":false},"featured_media":18966,"comment_status":"closed","ping_status":"closed","template":"","meta":{"inline_featured_image":false},"product_brand":[],"product_cat":[15],"product_tag":[],"class_list":{"0":"post-18965","1":"product","2":"type-product","3":"status-publish","4":"has-post-thumbnail","6":"product_cat-uncategorized","8":"first","9":"instock","10":"sale","11":"taxable","12":"shipping-taxable","13":"purchasable","14":"product-type-simple"},"acf":[],"_links":{"self":[{"href":"https:\/\/non-stopshop.eu\/rs\/wp-json\/wp\/v2\/product\/18965","targetHints":{"allow":["GET"]}}],"collection":[{"href":"https:\/\/non-stopshop.eu\/rs\/wp-json\/wp\/v2\/product"}],"about":[{"href":"https:\/\/non-stopshop.eu\/rs\/wp-json\/wp\/v2\/types\/product"}],"replies":[{"embeddable":true,"href":"https:\/\/non-stopshop.eu\/rs\/wp-json\/wp\/v2\/comments?post=18965"}],"wp:featuredmedia":[{"embeddable":true,"href":"https:\/\/non-stopshop.eu\/rs\/wp-json\/wp\/v2\/media\/18966"}],"wp:attachment":[{"href":"https:\/\/non-stopshop.eu\/rs\/wp-json\/wp\/v2\/media?parent=18965"}],"wp:term":[{"taxonomy":"product_brand","embeddable":true,"href":"https:\/\/non-stopshop.eu\/rs\/wp-json\/wp\/v2\/product_brand?post=18965"},{"taxonomy":"product_cat","embeddable":true,"href":"https:\/\/non-stopshop.eu\/rs\/wp-json\/wp\/v2\/product_cat?post=18965"},{"taxonomy":"product_tag","embeddable":true,"href":"https:\/\/non-stopshop.eu\/rs\/wp-json\/wp\/v2\/product_tag?post=18965"}],"curies":[{"name":"wp","href":"https:\/\/api.w.org\/{rel}","templated":true}]}}