{"id":1898,"date":"2021-01-05T14:55:20","date_gmt":"2021-01-05T13:55:20","guid":{"rendered":"https:\/\/shopium.eu\/rs\/?post_type=product&#038;p=1898"},"modified":"2022-03-05T17:29:46","modified_gmt":"2022-03-05T16:29:46","slug":"vacuumvax","status":"publish","type":"product","link":"https:\/\/non-stopshop.eu\/rs\/proizvod\/vacuumvax\/","title":{"rendered":"1+1 GRATIS Vakuumski \u010dista\u010d u\u0161iju &#8211; VacuumVax"},"content":{"rendered":"","protected":false},"excerpt":{"rendered":"<p>Zaboravite na staromodno \u010di\u0161\u0107enje u\u0161iju sa opasnim \u0161tapi\u0107ima ili \u010deste posete lekaru sa ovim super mo\u0107nim vakuumskim \u010dista\u010dom u\u0161nog voska potpuno jednostavno i sigurno za sve generacije u samo nekoliko sekundi!<\/p>\n","protected":false},"featured_media":1967,"comment_status":"closed","ping_status":"closed","template":"","meta":{"inline_featured_image":false},"product_brand":[],"product_cat":[15,26],"product_tag":[],"class_list":{"0":"post-1898","1":"product","2":"type-product","3":"status-publish","4":"has-post-thumbnail","6":"product_cat-uncategorized","7":"product_cat-health","9":"first","10":"instock","11":"sale","12":"taxable","13":"shipping-taxable","14":"purchasable","15":"product-type-simple"},"acf":[],"_links":{"self":[{"href":"https:\/\/non-stopshop.eu\/rs\/wp-json\/wp\/v2\/product\/1898","targetHints":{"allow":["GET"]}}],"collection":[{"href":"https:\/\/non-stopshop.eu\/rs\/wp-json\/wp\/v2\/product"}],"about":[{"href":"https:\/\/non-stopshop.eu\/rs\/wp-json\/wp\/v2\/types\/product"}],"replies":[{"embeddable":true,"href":"https:\/\/non-stopshop.eu\/rs\/wp-json\/wp\/v2\/comments?post=1898"}],"wp:featuredmedia":[{"embeddable":true,"href":"https:\/\/non-stopshop.eu\/rs\/wp-json\/wp\/v2\/media\/1967"}],"wp:attachment":[{"href":"https:\/\/non-stopshop.eu\/rs\/wp-json\/wp\/v2\/media?parent=1898"}],"wp:term":[{"taxonomy":"product_brand","embeddable":true,"href":"https:\/\/non-stopshop.eu\/rs\/wp-json\/wp\/v2\/product_brand?post=1898"},{"taxonomy":"product_cat","embeddable":true,"href":"https:\/\/non-stopshop.eu\/rs\/wp-json\/wp\/v2\/product_cat?post=1898"},{"taxonomy":"product_tag","embeddable":true,"href":"https:\/\/non-stopshop.eu\/rs\/wp-json\/wp\/v2\/product_tag?post=1898"}],"curies":[{"name":"wp","href":"https:\/\/api.w.org\/{rel}","templated":true}]}}