{"id":19191,"date":"2022-06-16T10:36:34","date_gmt":"2022-06-16T08:36:34","guid":{"rendered":"https:\/\/non-stopshop.eu\/rs\/?post_type=product&#038;p=19191"},"modified":"2023-07-03T12:51:05","modified_gmt":"2023-07-03T10:51:05","slug":"igra-podudaranja-oblika-2","status":"publish","type":"product","link":"https:\/\/non-stopshop.eu\/rs\/proizvod\/igra-podudaranja-oblika-2\/","title":{"rendered":"Igra podudaranja oblika"},"content":{"rendered":"","protected":false},"excerpt":{"rendered":"<p>Ova senzorna edukativna igra podudaranja i pronala\u017eenja odgovaraj\u0107ih oblika idealna je kombinacija u\u010denja i zabave. Pru\u017eite va\u0161oj deci idealnu zabavu!<\/p>\n","protected":false},"featured_media":19197,"comment_status":"closed","ping_status":"closed","template":"","meta":{"inline_featured_image":false},"product_brand":[],"product_cat":[15],"product_tag":[],"class_list":{"0":"post-19191","1":"product","2":"type-product","3":"status-publish","4":"has-post-thumbnail","6":"product_cat-uncategorized","8":"first","9":"instock","10":"sale","11":"taxable","12":"shipping-taxable","13":"purchasable","14":"product-type-simple"},"acf":[],"_links":{"self":[{"href":"https:\/\/non-stopshop.eu\/rs\/wp-json\/wp\/v2\/product\/19191","targetHints":{"allow":["GET"]}}],"collection":[{"href":"https:\/\/non-stopshop.eu\/rs\/wp-json\/wp\/v2\/product"}],"about":[{"href":"https:\/\/non-stopshop.eu\/rs\/wp-json\/wp\/v2\/types\/product"}],"replies":[{"embeddable":true,"href":"https:\/\/non-stopshop.eu\/rs\/wp-json\/wp\/v2\/comments?post=19191"}],"wp:featuredmedia":[{"embeddable":true,"href":"https:\/\/non-stopshop.eu\/rs\/wp-json\/wp\/v2\/media\/19197"}],"wp:attachment":[{"href":"https:\/\/non-stopshop.eu\/rs\/wp-json\/wp\/v2\/media?parent=19191"}],"wp:term":[{"taxonomy":"product_brand","embeddable":true,"href":"https:\/\/non-stopshop.eu\/rs\/wp-json\/wp\/v2\/product_brand?post=19191"},{"taxonomy":"product_cat","embeddable":true,"href":"https:\/\/non-stopshop.eu\/rs\/wp-json\/wp\/v2\/product_cat?post=19191"},{"taxonomy":"product_tag","embeddable":true,"href":"https:\/\/non-stopshop.eu\/rs\/wp-json\/wp\/v2\/product_tag?post=19191"}],"curies":[{"name":"wp","href":"https:\/\/api.w.org\/{rel}","templated":true}]}}