{"id":20134,"date":"2022-07-08T12:54:12","date_gmt":"2022-07-08T10:54:12","guid":{"rendered":"https:\/\/non-stopshop.eu\/rs\/?post_type=product&#038;p=20134"},"modified":"2023-07-03T12:50:11","modified_gmt":"2023-07-03T10:50:11","slug":"komplet-za-popravak-pukotina-na-paravanima-2","status":"publish","type":"product","link":"https:\/\/non-stopshop.eu\/rs\/proizvod\/komplet-za-popravak-pukotina-na-paravanima-2\/","title":{"rendered":"Komplet za popravak pukotina na paravanima"},"content":{"rendered":"","protected":false},"excerpt":{"rendered":"<p>U nekoliko jednostavnih koraka zakrpite sve rupe ili spre\u010dite dalje cepanje svih za\u0161tita za prozore, vrata i sli\u010dno.<\/p>\n","protected":false},"featured_media":20139,"comment_status":"closed","ping_status":"closed","template":"","meta":{"inline_featured_image":false},"product_brand":[],"product_cat":[15,27],"product_tag":[],"class_list":{"0":"post-20134","1":"product","2":"type-product","3":"status-publish","4":"has-post-thumbnail","6":"product_cat-uncategorized","7":"product_cat-home","9":"first","10":"instock","11":"sale","12":"taxable","13":"shipping-taxable","14":"purchasable","15":"product-type-simple"},"acf":[],"_links":{"self":[{"href":"https:\/\/non-stopshop.eu\/rs\/wp-json\/wp\/v2\/product\/20134","targetHints":{"allow":["GET"]}}],"collection":[{"href":"https:\/\/non-stopshop.eu\/rs\/wp-json\/wp\/v2\/product"}],"about":[{"href":"https:\/\/non-stopshop.eu\/rs\/wp-json\/wp\/v2\/types\/product"}],"replies":[{"embeddable":true,"href":"https:\/\/non-stopshop.eu\/rs\/wp-json\/wp\/v2\/comments?post=20134"}],"wp:featuredmedia":[{"embeddable":true,"href":"https:\/\/non-stopshop.eu\/rs\/wp-json\/wp\/v2\/media\/20139"}],"wp:attachment":[{"href":"https:\/\/non-stopshop.eu\/rs\/wp-json\/wp\/v2\/media?parent=20134"}],"wp:term":[{"taxonomy":"product_brand","embeddable":true,"href":"https:\/\/non-stopshop.eu\/rs\/wp-json\/wp\/v2\/product_brand?post=20134"},{"taxonomy":"product_cat","embeddable":true,"href":"https:\/\/non-stopshop.eu\/rs\/wp-json\/wp\/v2\/product_cat?post=20134"},{"taxonomy":"product_tag","embeddable":true,"href":"https:\/\/non-stopshop.eu\/rs\/wp-json\/wp\/v2\/product_tag?post=20134"}],"curies":[{"name":"wp","href":"https:\/\/api.w.org\/{rel}","templated":true}]}}