{"id":20158,"date":"2022-07-08T15:02:17","date_gmt":"2022-07-08T13:02:17","guid":{"rendered":"https:\/\/non-stopshop.eu\/rs\/?post_type=product&#038;p=20158"},"modified":"2023-07-03T12:49:54","modified_gmt":"2023-07-03T10:49:54","slug":"sistem-za-navodnjavanje-i-hladjenje","status":"publish","type":"product","link":"https:\/\/non-stopshop.eu\/rs\/proizvod\/sistem-za-navodnjavanje-i-hladjenje\/","title":{"rendered":"Sistem za navodnjavanje i hla\u0111enje"},"content":{"rendered":"","protected":false},"excerpt":{"rendered":"<p>Fantasti\u010dni sistem za navodnjavanje sa maglom za hla\u0111enje idealno je i ekonomi\u010dno re\u0161enje za svaki dom ili vikendicu.<\/p>\n","protected":false},"featured_media":20165,"comment_status":"closed","ping_status":"closed","template":"","meta":{"inline_featured_image":false},"product_brand":[],"product_cat":[15],"product_tag":[],"class_list":{"0":"post-20158","1":"product","2":"type-product","3":"status-publish","4":"has-post-thumbnail","6":"product_cat-uncategorized","8":"first","9":"instock","10":"sale","11":"taxable","12":"shipping-taxable","13":"purchasable","14":"product-type-simple"},"acf":[],"_links":{"self":[{"href":"https:\/\/non-stopshop.eu\/rs\/wp-json\/wp\/v2\/product\/20158","targetHints":{"allow":["GET"]}}],"collection":[{"href":"https:\/\/non-stopshop.eu\/rs\/wp-json\/wp\/v2\/product"}],"about":[{"href":"https:\/\/non-stopshop.eu\/rs\/wp-json\/wp\/v2\/types\/product"}],"replies":[{"embeddable":true,"href":"https:\/\/non-stopshop.eu\/rs\/wp-json\/wp\/v2\/comments?post=20158"}],"wp:featuredmedia":[{"embeddable":true,"href":"https:\/\/non-stopshop.eu\/rs\/wp-json\/wp\/v2\/media\/20165"}],"wp:attachment":[{"href":"https:\/\/non-stopshop.eu\/rs\/wp-json\/wp\/v2\/media?parent=20158"}],"wp:term":[{"taxonomy":"product_brand","embeddable":true,"href":"https:\/\/non-stopshop.eu\/rs\/wp-json\/wp\/v2\/product_brand?post=20158"},{"taxonomy":"product_cat","embeddable":true,"href":"https:\/\/non-stopshop.eu\/rs\/wp-json\/wp\/v2\/product_cat?post=20158"},{"taxonomy":"product_tag","embeddable":true,"href":"https:\/\/non-stopshop.eu\/rs\/wp-json\/wp\/v2\/product_tag?post=20158"}],"curies":[{"name":"wp","href":"https:\/\/api.w.org\/{rel}","templated":true}]}}