{"id":20273,"date":"2022-07-11T12:29:35","date_gmt":"2022-07-11T10:29:35","guid":{"rendered":"https:\/\/non-stopshop.eu\/rs\/?post_type=product&#038;p=20273"},"modified":"2023-07-03T12:49:32","modified_gmt":"2023-07-03T10:49:32","slug":"tecnost-za-izbeljivanje-zuba-2","status":"publish","type":"product","link":"https:\/\/non-stopshop.eu\/rs\/proizvod\/tecnost-za-izbeljivanje-zuba-2\/","title":{"rendered":"Te\u010dnost za izbeljivanje zuba"},"content":{"rendered":"","protected":false},"excerpt":{"rendered":"<p>Neutrali\u0161ite ru\u017enu \u017eutu boju sa va\u0161ih zuba. U jako kratkom vremenu neka va\u0161i zubi zablistaju i postanu biserno beli.<\/p>\n","protected":false},"featured_media":20274,"comment_status":"closed","ping_status":"closed","template":"","meta":{"inline_featured_image":false},"product_brand":[],"product_cat":[15,28,26],"product_tag":[],"class_list":{"0":"post-20273","1":"product","2":"type-product","3":"status-publish","4":"has-post-thumbnail","6":"product_cat-uncategorized","7":"product_cat-beauty","8":"product_cat-health","10":"first","11":"instock","12":"sale","13":"taxable","14":"shipping-taxable","15":"purchasable","16":"product-type-simple"},"acf":[],"_links":{"self":[{"href":"https:\/\/non-stopshop.eu\/rs\/wp-json\/wp\/v2\/product\/20273","targetHints":{"allow":["GET"]}}],"collection":[{"href":"https:\/\/non-stopshop.eu\/rs\/wp-json\/wp\/v2\/product"}],"about":[{"href":"https:\/\/non-stopshop.eu\/rs\/wp-json\/wp\/v2\/types\/product"}],"replies":[{"embeddable":true,"href":"https:\/\/non-stopshop.eu\/rs\/wp-json\/wp\/v2\/comments?post=20273"}],"wp:featuredmedia":[{"embeddable":true,"href":"https:\/\/non-stopshop.eu\/rs\/wp-json\/wp\/v2\/media\/20274"}],"wp:attachment":[{"href":"https:\/\/non-stopshop.eu\/rs\/wp-json\/wp\/v2\/media?parent=20273"}],"wp:term":[{"taxonomy":"product_brand","embeddable":true,"href":"https:\/\/non-stopshop.eu\/rs\/wp-json\/wp\/v2\/product_brand?post=20273"},{"taxonomy":"product_cat","embeddable":true,"href":"https:\/\/non-stopshop.eu\/rs\/wp-json\/wp\/v2\/product_cat?post=20273"},{"taxonomy":"product_tag","embeddable":true,"href":"https:\/\/non-stopshop.eu\/rs\/wp-json\/wp\/v2\/product_tag?post=20273"}],"curies":[{"name":"wp","href":"https:\/\/api.w.org\/{rel}","templated":true}]}}